{"id":7004,"date":"2024-11-16T02:34:54","date_gmt":"2024-11-16T02:34:54","guid":{"rendered":"https:\/\/innovation-blinds.com\/?post_type=product&#038;p=7004"},"modified":"2024-12-05T01:13:14","modified_gmt":"2024-12-05T01:13:14","slug":"roller-screen-exterior","status":"publish","type":"product","link":"https:\/\/innovation-blinds.com\/es\/producto\/roller-screen-exterior\/","title":{"rendered":"Roller Screen Exterior"},"content":{"rendered":"<p>.<\/p>\n","protected":false},"excerpt":{"rendered":"<p style=\"text-align: justify;\">&#8220;Dise\u00f1adas para soportar los elementos exteriores, nuestras Roller Screen Exterior ofrecen una protecci\u00f3n solar efectiva y control de temperatura para patios, balcones y otras \u00e1reas al aire libre. Con una tela resistente al clima de alta calidad, estas pantallas bloquean los da\u00f1inos rayos UV y reducen el calor, permiti\u00e9ndote disfrutar de tus espacios exteriores c\u00f3modamente, incluso en d\u00edas calurosos. Mejora tus espacios exteriores con estas pantallas duraderas y elegantes.&#8221;<\/p>\n<h4>Best Seller<\/h4>\n<p><a href=\"https:\/\/innovation-blinds.com\/wp-content\/uploads\/2024\/11\/EXT1.png\"><img decoding=\"async\" class=\"alignnone wp-image-7553\" src=\"https:\/\/innovation-blinds.com\/wp-content\/uploads\/2024\/11\/EXT1.png\" alt=\"\" width=\"70\" height=\"70\" srcset=\"https:\/\/innovation-blinds.com\/wp-content\/uploads\/2024\/11\/EXT1.png 300w, https:\/\/innovation-blinds.com\/wp-content\/uploads\/2024\/11\/EXT1-150x150.png 150w, https:\/\/innovation-blinds.com\/wp-content\/uploads\/2024\/11\/EXT1-100x100.png 100w\" sizes=\"(max-width: 70px) 100vw, 70px\" \/><\/a> \u00a0 <a href=\"https:\/\/innovation-blinds.com\/wp-content\/uploads\/2024\/11\/EXT2.png\"><img decoding=\"async\" class=\"alignnone wp-image-7554\" src=\"https:\/\/innovation-blinds.com\/wp-content\/uploads\/2024\/11\/EXT2.png\" alt=\"\" width=\"70\" height=\"70\" srcset=\"https:\/\/innovation-blinds.com\/wp-content\/uploads\/2024\/11\/EXT2.png 300w, https:\/\/innovation-blinds.com\/wp-content\/uploads\/2024\/11\/EXT2-150x150.png 150w, https:\/\/innovation-blinds.com\/wp-content\/uploads\/2024\/11\/EXT2-100x100.png 100w\" sizes=\"(max-width: 70px) 100vw, 70px\" \/><\/a> \u00a0<a href=\"https:\/\/innovation-blinds.com\/wp-content\/uploads\/2024\/11\/EXT3.png\"><img decoding=\"async\" class=\"alignnone wp-image-7555\" src=\"https:\/\/innovation-blinds.com\/wp-content\/uploads\/2024\/11\/EXT3.png\" alt=\"\" width=\"70\" height=\"70\" srcset=\"https:\/\/innovation-blinds.com\/wp-content\/uploads\/2024\/11\/EXT3.png 300w, https:\/\/innovation-blinds.com\/wp-content\/uploads\/2024\/11\/EXT3-150x150.png 150w, https:\/\/innovation-blinds.com\/wp-content\/uploads\/2024\/11\/EXT3-100x100.png 100w\" sizes=\"(max-width: 70px) 100vw, 70px\" \/><\/a> \u00a0 <a href=\"https:\/\/innovation-blinds.com\/wp-content\/uploads\/2024\/11\/EXT4.png\"><img loading=\"lazy\" decoding=\"async\" class=\"alignnone wp-image-7556\" src=\"https:\/\/innovation-blinds.com\/wp-content\/uploads\/2024\/11\/EXT4.png\" alt=\"\" width=\"70\" height=\"70\" srcset=\"https:\/\/innovation-blinds.com\/wp-content\/uploads\/2024\/11\/EXT4.png 300w, https:\/\/innovation-blinds.com\/wp-content\/uploads\/2024\/11\/EXT4-150x150.png 150w, https:\/\/innovation-blinds.com\/wp-content\/uploads\/2024\/11\/EXT4-100x100.png 100w\" sizes=\"(max-width: 70px) 100vw, 70px\" \/><\/a><\/p>\n<p>&nbsp;<\/p>\n","protected":false},"featured_media":7550,"comment_status":"closed","ping_status":"closed","template":"","meta":[],"product_cat":[102,18],"product_tag":[],"class_list":{"0":"post-7004","1":"product","2":"type-product","3":"status-publish","4":"has-post-thumbnail","6":"product_cat-productos","7":"product_cat-tipo-roller","9":"first","10":"instock","11":"shipping-taxable","12":"product-type-simple"},"yoast_head":"<!-- This site is optimized with the Yoast SEO plugin v26.2 - https:\/\/yoast.com\/wordpress\/plugins\/seo\/ -->\n<title>Roller Screen Exterior - INNOVATION BLINDS | PERSIANAS Y CORTINAS EN LA FLORIDA ESTADOS UNIDOS<\/title>\n<meta name=\"description\" content=\"Dise\u00f1adas para soportar los elementos exteriores, nuestras Roller Screen Exterior ofrecen una protecci\u00f3n solar efectiva y control de temperatura para patios, balcones y otras \u00e1reas al aire libre. Con una tela resistente al clima de alta calidad, estas pantallas bloquean los da\u00f1inos rayos UV y reducen el calor, permiti\u00e9ndote disfrutar de tus espacios exteriores c\u00f3modamente, incluso en d\u00edas calurosos. Mejora tus espacios exteriores con estas pantallas duraderas y elegantes.\" \/>\n<meta name=\"robots\" content=\"index, follow, max-snippet:-1, max-image-preview:large, max-video-preview:-1\" \/>\n<link rel=\"canonical\" href=\"https:\/\/innovation-blinds.com\/es\/producto\/roller-screen-exterior\/\" \/>\n<meta property=\"og:locale\" content=\"es_ES\" \/>\n<meta property=\"og:locale:alternate\" content=\"en_US\" \/>\n<meta property=\"og:type\" content=\"article\" \/>\n<meta property=\"og:title\" content=\"Roller Screen Exterior\" \/>\n<meta property=\"og:description\" content=\"Dise\u00f1adas para soportar los elementos exteriores, nuestras Roller Screen Exterior ofrecen una protecci\u00f3n solar efectiva y control de temperatura para patios, balcones y otras \u00e1reas al aire libre. Con una tela resistente al clima de alta calidad, estas pantallas bloquean los da\u00f1inos rayos UV y reducen el calor, permiti\u00e9ndote disfrutar de tus espacios exteriores c\u00f3modamente, incluso en d\u00edas calurosos. Mejora tus espacios exteriores con estas pantallas duraderas y elegantes.\" \/>\n<meta property=\"og:url\" content=\"https:\/\/innovation-blinds.com\/es\/producto\/roller-screen-exterior\/\" \/>\n<meta property=\"og:site_name\" content=\"INNOVATION BLINDS | PERSIANAS Y CORTINAS EN LA FLORIDA ESTADOS UNIDOS\" \/>\n<meta property=\"article:publisher\" content=\"https:\/\/www.facebook.com\/innovationblindsusa\/\" \/>\n<meta property=\"article:modified_time\" content=\"2024-12-05T01:13:14+00:00\" \/>\n<meta property=\"og:image\" content=\"https:\/\/innovation-blinds.com\/wp-content\/uploads\/2024\/11\/EXT1.webp\" \/>\n\t<meta property=\"og:image:width\" content=\"579\" \/>\n\t<meta property=\"og:image:height\" content=\"783\" \/>\n\t<meta property=\"og:image:type\" content=\"image\/webp\" \/>\n<meta name=\"twitter:card\" content=\"summary_large_image\" \/>\n<meta name=\"twitter:label1\" content=\"Tiempo de lectura\" \/>\n\t<meta name=\"twitter:data1\" content=\"1 minuto\" \/>\n<script type=\"application\/ld+json\" class=\"yoast-schema-graph\">{\"@context\":\"https:\/\/schema.org\",\"@graph\":[{\"@type\":\"WebPage\",\"@id\":\"https:\/\/innovation-blinds.com\/es\/producto\/roller-screen-exterior\/\",\"url\":\"https:\/\/innovation-blinds.com\/es\/producto\/roller-screen-exterior\/\",\"name\":\"Roller Screen Exterior\",\"isPartOf\":{\"@id\":\"https:\/\/innovation-blinds.com\/es\/#website\"},\"primaryImageOfPage\":{\"@id\":\"https:\/\/innovation-blinds.com\/es\/producto\/roller-screen-exterior\/#primaryimage\"},\"image\":{\"@id\":\"https:\/\/innovation-blinds.com\/es\/producto\/roller-screen-exterior\/#primaryimage\"},\"thumbnailUrl\":\"https:\/\/innovation-blinds.com\/wp-content\/uploads\/2024\/11\/EXT1.webp\",\"datePublished\":\"2024-11-16T02:34:54+00:00\",\"dateModified\":\"2024-12-05T01:13:14+00:00\",\"description\":\"Dise\u00f1adas para soportar los elementos exteriores, nuestras Roller Screen Exterior ofrecen una protecci\u00f3n solar efectiva y control de temperatura para patios, balcones y otras \u00e1reas al aire libre. Con una tela resistente al clima de alta calidad, estas pantallas bloquean los da\u00f1inos rayos UV y reducen el calor, permiti\u00e9ndote disfrutar de tus espacios exteriores c\u00f3modamente, incluso en d\u00edas calurosos. Mejora tus espacios exteriores con estas pantallas duraderas y elegantes.\",\"breadcrumb\":{\"@id\":\"https:\/\/innovation-blinds.com\/es\/producto\/roller-screen-exterior\/#breadcrumb\"},\"inLanguage\":\"es-ES\",\"potentialAction\":[{\"@type\":\"ReadAction\",\"target\":[\"https:\/\/innovation-blinds.com\/es\/producto\/roller-screen-exterior\/\"]}]},{\"@type\":\"ImageObject\",\"inLanguage\":\"es-ES\",\"@id\":\"https:\/\/innovation-blinds.com\/es\/producto\/roller-screen-exterior\/#primaryimage\",\"url\":\"https:\/\/innovation-blinds.com\/wp-content\/uploads\/2024\/11\/EXT1.webp\",\"contentUrl\":\"https:\/\/innovation-blinds.com\/wp-content\/uploads\/2024\/11\/EXT1.webp\",\"width\":579,\"height\":783},{\"@type\":\"BreadcrumbList\",\"@id\":\"https:\/\/innovation-blinds.com\/es\/producto\/roller-screen-exterior\/#breadcrumb\",\"itemListElement\":[{\"@type\":\"ListItem\",\"position\":1,\"name\":\"Portada\",\"item\":\"https:\/\/innovation-blinds.com\/es\/\"},{\"@type\":\"ListItem\",\"position\":2,\"name\":\"Productos-olb\",\"item\":\"https:\/\/innovation-blinds.com\/es\/shop\/\"},{\"@type\":\"ListItem\",\"position\":3,\"name\":\"Roller Screen Exterior\"}]},{\"@type\":\"WebSite\",\"@id\":\"https:\/\/innovation-blinds.com\/es\/#website\",\"url\":\"https:\/\/innovation-blinds.com\/es\/\",\"name\":\"INNOVATION BLINDS | PERSIANAS Y CORTINAS EN LA FLORIDA ESTADOS UNIDOS\",\"description\":\"Contamos con todo en cortinas y persianas para la Florida (Estados Unidos), somos fabricantes y esto nos permite ofrecerte una personalizaci\u00f3n total de tus productos.\",\"publisher\":{\"@id\":\"https:\/\/innovation-blinds.com\/es\/#organization\"},\"potentialAction\":[{\"@type\":\"SearchAction\",\"target\":{\"@type\":\"EntryPoint\",\"urlTemplate\":\"https:\/\/innovation-blinds.com\/es\/?s={search_term_string}\"},\"query-input\":{\"@type\":\"PropertyValueSpecification\",\"valueRequired\":true,\"valueName\":\"search_term_string\"}}],\"inLanguage\":\"es-ES\"},{\"@type\":\"Organization\",\"@id\":\"https:\/\/innovation-blinds.com\/es\/#organization\",\"name\":\"INNOVATION BLINDS | PERSIANAS Y CORTINAS EN LA FLORIDA ESTADOS UNIDOS\",\"url\":\"https:\/\/innovation-blinds.com\/es\/\",\"logo\":{\"@type\":\"ImageObject\",\"inLanguage\":\"es-ES\",\"@id\":\"https:\/\/innovation-blinds.com\/es\/#\/schema\/logo\/image\/\",\"url\":\"https:\/\/innovation-blinds.com\/wp-content\/uploads\/2024\/01\/logo-3.png\",\"contentUrl\":\"https:\/\/innovation-blinds.com\/wp-content\/uploads\/2024\/01\/logo-3.png\",\"width\":296,\"height\":100,\"caption\":\"INNOVATION BLINDS | PERSIANAS Y CORTINAS EN LA FLORIDA ESTADOS UNIDOS\"},\"image\":{\"@id\":\"https:\/\/innovation-blinds.com\/es\/#\/schema\/logo\/image\/\"},\"sameAs\":[\"https:\/\/www.facebook.com\/innovationblindsusa\/\"]}]}<\/script>\n<!-- \/ Yoast SEO plugin. -->","yoast_head_json":{"title":"Roller Screen Exterior - INNOVATION BLINDS | PERSIANAS Y CORTINAS EN LA FLORIDA ESTADOS UNIDOS","description":"Dise\u00f1adas para soportar los elementos exteriores, nuestras Roller Screen Exterior ofrecen una protecci\u00f3n solar efectiva y control de temperatura para patios, balcones y otras \u00e1reas al aire libre. Con una tela resistente al clima de alta calidad, estas pantallas bloquean los da\u00f1inos rayos UV y reducen el calor, permiti\u00e9ndote disfrutar de tus espacios exteriores c\u00f3modamente, incluso en d\u00edas calurosos. Mejora tus espacios exteriores con estas pantallas duraderas y elegantes.","robots":{"index":"index","follow":"follow","max-snippet":"max-snippet:-1","max-image-preview":"max-image-preview:large","max-video-preview":"max-video-preview:-1"},"canonical":"https:\/\/innovation-blinds.com\/es\/producto\/roller-screen-exterior\/","og_locale":"es_ES","og_type":"article","og_title":"[:en]Roller Screen Exterior[:es]Roller Screen Exterior[:] - INNOVATION BLINDS | PERSIANAS Y CORTINAS EN LA FLORIDA ESTADOS UNIDOS","og_description":"Dise\u00f1adas para soportar los elementos exteriores, nuestras Roller Screen Exterior ofrecen una protecci\u00f3n solar efectiva y control de temperatura para patios, balcones y otras \u00e1reas al aire libre. Con una tela resistente al clima de alta calidad, estas pantallas bloquean los da\u00f1inos rayos UV y reducen el calor, permiti\u00e9ndote disfrutar de tus espacios exteriores c\u00f3modamente, incluso en d\u00edas calurosos. Mejora tus espacios exteriores con estas pantallas duraderas y elegantes.","og_url":"https:\/\/innovation-blinds.com\/es\/producto\/roller-screen-exterior\/","og_site_name":"INNOVATION BLINDS | PERSIANAS Y CORTINAS EN LA FLORIDA ESTADOS UNIDOS","article_publisher":"https:\/\/www.facebook.com\/innovationblindsusa\/","article_modified_time":"2024-12-05T01:13:14+00:00","og_image":[{"width":579,"height":783,"url":"https:\/\/innovation-blinds.com\/wp-content\/uploads\/2024\/11\/EXT1.webp","type":"image\/webp"}],"twitter_card":"summary_large_image","twitter_misc":{"Tiempo de lectura":"1 minuto"},"schema":{"@context":"https:\/\/schema.org","@graph":[{"@type":"WebPage","@id":"https:\/\/innovation-blinds.com\/es\/producto\/roller-screen-exterior\/","url":"https:\/\/innovation-blinds.com\/es\/producto\/roller-screen-exterior\/","name":"Roller Screen Exterior","isPartOf":{"@id":"https:\/\/innovation-blinds.com\/es\/#website"},"primaryImageOfPage":{"@id":"https:\/\/innovation-blinds.com\/es\/producto\/roller-screen-exterior\/#primaryimage"},"image":{"@id":"https:\/\/innovation-blinds.com\/es\/producto\/roller-screen-exterior\/#primaryimage"},"thumbnailUrl":"https:\/\/innovation-blinds.com\/wp-content\/uploads\/2024\/11\/EXT1.webp","datePublished":"2024-11-16T02:34:54+00:00","dateModified":"2024-12-05T01:13:14+00:00","description":"Dise\u00f1adas para soportar los elementos exteriores, nuestras Roller Screen Exterior ofrecen una protecci\u00f3n solar efectiva y control de temperatura para patios, balcones y otras \u00e1reas al aire libre. Con una tela resistente al clima de alta calidad, estas pantallas bloquean los da\u00f1inos rayos UV y reducen el calor, permiti\u00e9ndote disfrutar de tus espacios exteriores c\u00f3modamente, incluso en d\u00edas calurosos. Mejora tus espacios exteriores con estas pantallas duraderas y elegantes.","breadcrumb":{"@id":"https:\/\/innovation-blinds.com\/es\/producto\/roller-screen-exterior\/#breadcrumb"},"inLanguage":"es-ES","potentialAction":[{"@type":"ReadAction","target":["https:\/\/innovation-blinds.com\/es\/producto\/roller-screen-exterior\/"]}]},{"@type":"ImageObject","inLanguage":"es-ES","@id":"https:\/\/innovation-blinds.com\/es\/producto\/roller-screen-exterior\/#primaryimage","url":"https:\/\/innovation-blinds.com\/wp-content\/uploads\/2024\/11\/EXT1.webp","contentUrl":"https:\/\/innovation-blinds.com\/wp-content\/uploads\/2024\/11\/EXT1.webp","width":579,"height":783},{"@type":"BreadcrumbList","@id":"https:\/\/innovation-blinds.com\/es\/producto\/roller-screen-exterior\/#breadcrumb","itemListElement":[{"@type":"ListItem","position":1,"name":"Portada","item":"https:\/\/innovation-blinds.com\/es\/"},{"@type":"ListItem","position":2,"name":"Productos-olb","item":"https:\/\/innovation-blinds.com\/es\/shop\/"},{"@type":"ListItem","position":3,"name":"Roller Screen Exterior"}]},{"@type":"WebSite","@id":"https:\/\/innovation-blinds.com\/es\/#website","url":"https:\/\/innovation-blinds.com\/es\/","name":"INNOVATION BLINDS | PERSIANAS Y CORTINAS EN LA FLORIDA ESTADOS UNIDOS","description":"Contamos con todo en cortinas y persianas para la Florida (Estados Unidos), somos fabricantes y esto nos permite ofrecerte una personalizaci\u00f3n total de tus productos.","publisher":{"@id":"https:\/\/innovation-blinds.com\/es\/#organization"},"potentialAction":[{"@type":"SearchAction","target":{"@type":"EntryPoint","urlTemplate":"https:\/\/innovation-blinds.com\/es\/?s={search_term_string}"},"query-input":{"@type":"PropertyValueSpecification","valueRequired":true,"valueName":"search_term_string"}}],"inLanguage":"es-ES"},{"@type":"Organization","@id":"https:\/\/innovation-blinds.com\/es\/#organization","name":"INNOVATION BLINDS | PERSIANAS Y CORTINAS EN LA FLORIDA ESTADOS UNIDOS","url":"https:\/\/innovation-blinds.com\/es\/","logo":{"@type":"ImageObject","inLanguage":"es-ES","@id":"https:\/\/innovation-blinds.com\/es\/#\/schema\/logo\/image\/","url":"https:\/\/innovation-blinds.com\/wp-content\/uploads\/2024\/01\/logo-3.png","contentUrl":"https:\/\/innovation-blinds.com\/wp-content\/uploads\/2024\/01\/logo-3.png","width":296,"height":100,"caption":"INNOVATION BLINDS | PERSIANAS Y CORTINAS EN LA FLORIDA ESTADOS UNIDOS"},"image":{"@id":"https:\/\/innovation-blinds.com\/es\/#\/schema\/logo\/image\/"},"sameAs":["https:\/\/www.facebook.com\/innovationblindsusa\/"]}]}},"_links":{"self":[{"href":"https:\/\/innovation-blinds.com\/es\/wp-json\/wp\/v2\/product\/7004","targetHints":{"allow":["GET"]}}],"collection":[{"href":"https:\/\/innovation-blinds.com\/es\/wp-json\/wp\/v2\/product"}],"about":[{"href":"https:\/\/innovation-blinds.com\/es\/wp-json\/wp\/v2\/types\/product"}],"replies":[{"embeddable":true,"href":"https:\/\/innovation-blinds.com\/es\/wp-json\/wp\/v2\/comments?post=7004"}],"wp:featuredmedia":[{"embeddable":true,"href":"https:\/\/innovation-blinds.com\/es\/wp-json\/wp\/v2\/media\/7550"}],"wp:attachment":[{"href":"https:\/\/innovation-blinds.com\/es\/wp-json\/wp\/v2\/media?parent=7004"}],"wp:term":[{"taxonomy":"product_cat","embeddable":true,"href":"https:\/\/innovation-blinds.com\/es\/wp-json\/wp\/v2\/product_cat?post=7004"},{"taxonomy":"product_tag","embeddable":true,"href":"https:\/\/innovation-blinds.com\/es\/wp-json\/wp\/v2\/product_tag?post=7004"}],"curies":[{"name":"wp","href":"https:\/\/api.w.org\/{rel}","templated":true}]}}