{"id":6904,"date":"2024-11-15T19:19:35","date_gmt":"2024-11-15T19:19:35","guid":{"rendered":"https:\/\/innovation-blinds.com\/?post_type=product&#038;p=6904"},"modified":"2024-12-04T23:38:31","modified_gmt":"2024-12-04T23:38:31","slug":"roller-screen-interior","status":"publish","type":"product","link":"https:\/\/innovation-blinds.com\/es\/producto\/roller-screen-interior\/","title":{"rendered":"Roller Screen Interior"},"content":{"rendered":"<ul>\n<li>Type: Antisolar Screen &#8211; Hypoallergenic<\/li>\n<li>Composition: 24% Polyester \/ 76% PVC<\/li>\n<li>Max Roll Width: 118 in<\/li>\n<li>Openness: 1% to 5%<\/li>\n<li>UV Blockage: 99% to 95%<\/li>\n<\/ul>\n","protected":false},"excerpt":{"rendered":"<p style=\"text-align: justify;\">&#8220;Nuestras persianas Roller Screen Interior son ideales para espacios donde se desea reducir el deslumbramiento y mantener la vista al exterior. Estas persianas proporcionan un efecto de filtrado de luz que suaviza la luz natural sin bloquearla por completo, permitiendo un interior brillante pero c\u00f3modo. Su tela duradera tambi\u00e9n protege contra los da\u00f1inos rayos UV, por lo que son perfectas para salas, oficinas y cocinas.&#8221;<\/p>\n<h4>Best Seller<\/h4>\n<p><a href=\"https:\/\/innovation-blinds.com\/wp-content\/uploads\/2024\/11\/color1.png\"><img decoding=\"async\" class=\"alignnone wp-image-7501\" src=\"https:\/\/innovation-blinds.com\/wp-content\/uploads\/2024\/11\/color1.png\" alt=\"\" width=\"70\" height=\"70\" srcset=\"https:\/\/innovation-blinds.com\/wp-content\/uploads\/2024\/11\/color1.png 300w, https:\/\/innovation-blinds.com\/wp-content\/uploads\/2024\/11\/color1-150x150.png 150w, https:\/\/innovation-blinds.com\/wp-content\/uploads\/2024\/11\/color1-100x100.png 100w\" sizes=\"(max-width: 70px) 100vw, 70px\" \/><\/a> \u00a0 <a href=\"https:\/\/innovation-blinds.com\/wp-content\/uploads\/2024\/11\/color2.png\"><img decoding=\"async\" class=\"alignnone wp-image-7502\" src=\"https:\/\/innovation-blinds.com\/wp-content\/uploads\/2024\/11\/color2.png\" alt=\"\" width=\"70\" height=\"70\" srcset=\"https:\/\/innovation-blinds.com\/wp-content\/uploads\/2024\/11\/color2.png 300w, https:\/\/innovation-blinds.com\/wp-content\/uploads\/2024\/11\/color2-150x150.png 150w, https:\/\/innovation-blinds.com\/wp-content\/uploads\/2024\/11\/color2-100x100.png 100w\" sizes=\"(max-width: 70px) 100vw, 70px\" \/><\/a> \u00a0<a href=\"https:\/\/innovation-blinds.com\/wp-content\/uploads\/2024\/11\/color3.png\"><img decoding=\"async\" class=\"alignnone wp-image-7503\" src=\"https:\/\/innovation-blinds.com\/wp-content\/uploads\/2024\/11\/color3.png\" alt=\"\" width=\"70\" height=\"70\" srcset=\"https:\/\/innovation-blinds.com\/wp-content\/uploads\/2024\/11\/color3.png 300w, https:\/\/innovation-blinds.com\/wp-content\/uploads\/2024\/11\/color3-150x150.png 150w, https:\/\/innovation-blinds.com\/wp-content\/uploads\/2024\/11\/color3-100x100.png 100w\" sizes=\"(max-width: 70px) 100vw, 70px\" \/><\/a> \u00a0 <a href=\"https:\/\/innovation-blinds.com\/wp-content\/uploads\/2024\/11\/color4.png\"><img loading=\"lazy\" decoding=\"async\" class=\"alignnone wp-image-7504\" src=\"https:\/\/innovation-blinds.com\/wp-content\/uploads\/2024\/11\/color4-300x300.png\" alt=\"\" width=\"70\" height=\"70\" srcset=\"https:\/\/innovation-blinds.com\/wp-content\/uploads\/2024\/11\/color4-300x300.png 300w, https:\/\/innovation-blinds.com\/wp-content\/uploads\/2024\/11\/color4-1024x1024.png 1024w, https:\/\/innovation-blinds.com\/wp-content\/uploads\/2024\/11\/color4-150x150.png 150w, https:\/\/innovation-blinds.com\/wp-content\/uploads\/2024\/11\/color4-768x768.png 768w, https:\/\/innovation-blinds.com\/wp-content\/uploads\/2024\/11\/color4-600x600.png 600w, https:\/\/innovation-blinds.com\/wp-content\/uploads\/2024\/11\/color4-100x100.png 100w, https:\/\/innovation-blinds.com\/wp-content\/uploads\/2024\/11\/color4.png 1303w\" sizes=\"(max-width: 70px) 100vw, 70px\" \/><\/a><\/p>\n","protected":false},"featured_media":7483,"comment_status":"closed","ping_status":"closed","template":"","meta":[],"product_cat":[102,18],"product_tag":[],"class_list":{"0":"post-6904","1":"product","2":"type-product","3":"status-publish","4":"has-post-thumbnail","6":"product_cat-productos","7":"product_cat-tipo-roller","9":"first","10":"instock","11":"shipping-taxable","12":"product-type-simple"},"yoast_head":"<!-- This site is optimized with the Yoast SEO plugin v26.2 - https:\/\/yoast.com\/wordpress\/plugins\/seo\/ -->\n<title>Roller Screen Interior - INNOVATION BLINDS | PERSIANAS Y CORTINAS EN LA FLORIDA ESTADOS UNIDOS<\/title>\n<meta name=\"description\" content=\"Nuestras persianas Roller Screen Interior son ideales para espacios donde se desea reducir el deslumbramiento y mantener la vista al exterior.\" \/>\n<meta name=\"robots\" content=\"index, follow, max-snippet:-1, max-image-preview:large, max-video-preview:-1\" \/>\n<link rel=\"canonical\" href=\"https:\/\/innovation-blinds.com\/es\/producto\/roller-screen-interior\/\" \/>\n<meta property=\"og:locale\" content=\"es_ES\" \/>\n<meta property=\"og:locale:alternate\" content=\"en_US\" \/>\n<meta property=\"og:type\" content=\"article\" \/>\n<meta property=\"og:title\" content=\"Roller Screen Interior\" \/>\n<meta property=\"og:description\" content=\"Nuestras persianas Roller Screen Interior son ideales para espacios donde se desea reducir el deslumbramiento y mantener la vista al exterior.\" \/>\n<meta property=\"og:url\" content=\"https:\/\/innovation-blinds.com\/es\/producto\/roller-screen-interior\/\" \/>\n<meta property=\"og:site_name\" content=\"INNOVATION BLINDS | PERSIANAS Y CORTINAS EN LA FLORIDA ESTADOS UNIDOS\" \/>\n<meta property=\"article:publisher\" content=\"https:\/\/www.facebook.com\/innovationblindsusa\/\" \/>\n<meta property=\"article:modified_time\" content=\"2024-12-04T23:38:31+00:00\" \/>\n<meta property=\"og:image\" content=\"https:\/\/innovation-blinds.com\/wp-content\/uploads\/2024\/11\/Screen-interior-1.webp\" \/>\n\t<meta property=\"og:image:width\" content=\"700\" \/>\n\t<meta property=\"og:image:height\" content=\"800\" \/>\n\t<meta property=\"og:image:type\" content=\"image\/webp\" \/>\n<meta name=\"twitter:card\" content=\"summary_large_image\" \/>\n<meta name=\"twitter:label1\" content=\"Tiempo de lectura\" \/>\n\t<meta name=\"twitter:data1\" content=\"1 minuto\" \/>\n<script type=\"application\/ld+json\" class=\"yoast-schema-graph\">{\"@context\":\"https:\/\/schema.org\",\"@graph\":[{\"@type\":\"WebPage\",\"@id\":\"https:\/\/innovation-blinds.com\/es\/producto\/roller-screen-interior\/\",\"url\":\"https:\/\/innovation-blinds.com\/es\/producto\/roller-screen-interior\/\",\"name\":\"Roller Screen Interior\",\"isPartOf\":{\"@id\":\"https:\/\/innovation-blinds.com\/es\/#website\"},\"primaryImageOfPage\":{\"@id\":\"https:\/\/innovation-blinds.com\/es\/producto\/roller-screen-interior\/#primaryimage\"},\"image\":{\"@id\":\"https:\/\/innovation-blinds.com\/es\/producto\/roller-screen-interior\/#primaryimage\"},\"thumbnailUrl\":\"https:\/\/innovation-blinds.com\/wp-content\/uploads\/2024\/11\/Screen-interior-1.webp\",\"datePublished\":\"2024-11-15T19:19:35+00:00\",\"dateModified\":\"2024-12-04T23:38:31+00:00\",\"description\":\"Nuestras persianas Roller Screen Interior son ideales para espacios donde se desea reducir el deslumbramiento y mantener la vista al exterior.\",\"breadcrumb\":{\"@id\":\"https:\/\/innovation-blinds.com\/es\/producto\/roller-screen-interior\/#breadcrumb\"},\"inLanguage\":\"es-ES\",\"potentialAction\":[{\"@type\":\"ReadAction\",\"target\":[\"https:\/\/innovation-blinds.com\/es\/producto\/roller-screen-interior\/\"]}]},{\"@type\":\"ImageObject\",\"inLanguage\":\"es-ES\",\"@id\":\"https:\/\/innovation-blinds.com\/es\/producto\/roller-screen-interior\/#primaryimage\",\"url\":\"https:\/\/innovation-blinds.com\/wp-content\/uploads\/2024\/11\/Screen-interior-1.webp\",\"contentUrl\":\"https:\/\/innovation-blinds.com\/wp-content\/uploads\/2024\/11\/Screen-interior-1.webp\",\"width\":700,\"height\":800},{\"@type\":\"BreadcrumbList\",\"@id\":\"https:\/\/innovation-blinds.com\/es\/producto\/roller-screen-interior\/#breadcrumb\",\"itemListElement\":[{\"@type\":\"ListItem\",\"position\":1,\"name\":\"Portada\",\"item\":\"https:\/\/innovation-blinds.com\/es\/\"},{\"@type\":\"ListItem\",\"position\":2,\"name\":\"Productos-olb\",\"item\":\"https:\/\/innovation-blinds.com\/es\/shop\/\"},{\"@type\":\"ListItem\",\"position\":3,\"name\":\"Roller Screen Interior\"}]},{\"@type\":\"WebSite\",\"@id\":\"https:\/\/innovation-blinds.com\/es\/#website\",\"url\":\"https:\/\/innovation-blinds.com\/es\/\",\"name\":\"INNOVATION BLINDS | PERSIANAS Y CORTINAS EN LA FLORIDA ESTADOS UNIDOS\",\"description\":\"Contamos con todo en cortinas y persianas para la Florida (Estados Unidos), somos fabricantes y esto nos permite ofrecerte una personalizaci\u00f3n total de tus productos.\",\"publisher\":{\"@id\":\"https:\/\/innovation-blinds.com\/es\/#organization\"},\"potentialAction\":[{\"@type\":\"SearchAction\",\"target\":{\"@type\":\"EntryPoint\",\"urlTemplate\":\"https:\/\/innovation-blinds.com\/es\/?s={search_term_string}\"},\"query-input\":{\"@type\":\"PropertyValueSpecification\",\"valueRequired\":true,\"valueName\":\"search_term_string\"}}],\"inLanguage\":\"es-ES\"},{\"@type\":\"Organization\",\"@id\":\"https:\/\/innovation-blinds.com\/es\/#organization\",\"name\":\"INNOVATION BLINDS | PERSIANAS Y CORTINAS EN LA FLORIDA ESTADOS UNIDOS\",\"url\":\"https:\/\/innovation-blinds.com\/es\/\",\"logo\":{\"@type\":\"ImageObject\",\"inLanguage\":\"es-ES\",\"@id\":\"https:\/\/innovation-blinds.com\/es\/#\/schema\/logo\/image\/\",\"url\":\"https:\/\/innovation-blinds.com\/wp-content\/uploads\/2024\/01\/logo-3.png\",\"contentUrl\":\"https:\/\/innovation-blinds.com\/wp-content\/uploads\/2024\/01\/logo-3.png\",\"width\":296,\"height\":100,\"caption\":\"INNOVATION BLINDS | PERSIANAS Y CORTINAS EN LA FLORIDA ESTADOS UNIDOS\"},\"image\":{\"@id\":\"https:\/\/innovation-blinds.com\/es\/#\/schema\/logo\/image\/\"},\"sameAs\":[\"https:\/\/www.facebook.com\/innovationblindsusa\/\"]}]}<\/script>\n<!-- \/ Yoast SEO plugin. -->","yoast_head_json":{"title":"Roller Screen Interior - INNOVATION BLINDS | PERSIANAS Y CORTINAS EN LA FLORIDA ESTADOS UNIDOS","description":"Nuestras persianas Roller Screen Interior son ideales para espacios donde se desea reducir el deslumbramiento y mantener la vista al exterior.","robots":{"index":"index","follow":"follow","max-snippet":"max-snippet:-1","max-image-preview":"max-image-preview:large","max-video-preview":"max-video-preview:-1"},"canonical":"https:\/\/innovation-blinds.com\/es\/producto\/roller-screen-interior\/","og_locale":"es_ES","og_type":"article","og_title":"[:en]Roller Screen Interior[:es]Roller Screen Interior[:] - INNOVATION BLINDS | PERSIANAS Y CORTINAS EN LA FLORIDA ESTADOS UNIDOS","og_description":"Nuestras persianas Roller Screen Interior son ideales para espacios donde se desea reducir el deslumbramiento y mantener la vista al exterior.","og_url":"https:\/\/innovation-blinds.com\/es\/producto\/roller-screen-interior\/","og_site_name":"INNOVATION BLINDS | PERSIANAS Y CORTINAS EN LA FLORIDA ESTADOS UNIDOS","article_publisher":"https:\/\/www.facebook.com\/innovationblindsusa\/","article_modified_time":"2024-12-04T23:38:31+00:00","og_image":[{"width":700,"height":800,"url":"https:\/\/innovation-blinds.com\/wp-content\/uploads\/2024\/11\/Screen-interior-1.webp","type":"image\/webp"}],"twitter_card":"summary_large_image","twitter_misc":{"Tiempo de lectura":"1 minuto"},"schema":{"@context":"https:\/\/schema.org","@graph":[{"@type":"WebPage","@id":"https:\/\/innovation-blinds.com\/es\/producto\/roller-screen-interior\/","url":"https:\/\/innovation-blinds.com\/es\/producto\/roller-screen-interior\/","name":"Roller Screen Interior","isPartOf":{"@id":"https:\/\/innovation-blinds.com\/es\/#website"},"primaryImageOfPage":{"@id":"https:\/\/innovation-blinds.com\/es\/producto\/roller-screen-interior\/#primaryimage"},"image":{"@id":"https:\/\/innovation-blinds.com\/es\/producto\/roller-screen-interior\/#primaryimage"},"thumbnailUrl":"https:\/\/innovation-blinds.com\/wp-content\/uploads\/2024\/11\/Screen-interior-1.webp","datePublished":"2024-11-15T19:19:35+00:00","dateModified":"2024-12-04T23:38:31+00:00","description":"Nuestras persianas Roller Screen Interior son ideales para espacios donde se desea reducir el deslumbramiento y mantener la vista al exterior.","breadcrumb":{"@id":"https:\/\/innovation-blinds.com\/es\/producto\/roller-screen-interior\/#breadcrumb"},"inLanguage":"es-ES","potentialAction":[{"@type":"ReadAction","target":["https:\/\/innovation-blinds.com\/es\/producto\/roller-screen-interior\/"]}]},{"@type":"ImageObject","inLanguage":"es-ES","@id":"https:\/\/innovation-blinds.com\/es\/producto\/roller-screen-interior\/#primaryimage","url":"https:\/\/innovation-blinds.com\/wp-content\/uploads\/2024\/11\/Screen-interior-1.webp","contentUrl":"https:\/\/innovation-blinds.com\/wp-content\/uploads\/2024\/11\/Screen-interior-1.webp","width":700,"height":800},{"@type":"BreadcrumbList","@id":"https:\/\/innovation-blinds.com\/es\/producto\/roller-screen-interior\/#breadcrumb","itemListElement":[{"@type":"ListItem","position":1,"name":"Portada","item":"https:\/\/innovation-blinds.com\/es\/"},{"@type":"ListItem","position":2,"name":"Productos-olb","item":"https:\/\/innovation-blinds.com\/es\/shop\/"},{"@type":"ListItem","position":3,"name":"Roller Screen Interior"}]},{"@type":"WebSite","@id":"https:\/\/innovation-blinds.com\/es\/#website","url":"https:\/\/innovation-blinds.com\/es\/","name":"INNOVATION BLINDS | PERSIANAS Y CORTINAS EN LA FLORIDA ESTADOS UNIDOS","description":"Contamos con todo en cortinas y persianas para la Florida (Estados Unidos), somos fabricantes y esto nos permite ofrecerte una personalizaci\u00f3n total de tus productos.","publisher":{"@id":"https:\/\/innovation-blinds.com\/es\/#organization"},"potentialAction":[{"@type":"SearchAction","target":{"@type":"EntryPoint","urlTemplate":"https:\/\/innovation-blinds.com\/es\/?s={search_term_string}"},"query-input":{"@type":"PropertyValueSpecification","valueRequired":true,"valueName":"search_term_string"}}],"inLanguage":"es-ES"},{"@type":"Organization","@id":"https:\/\/innovation-blinds.com\/es\/#organization","name":"INNOVATION BLINDS | PERSIANAS Y CORTINAS EN LA FLORIDA ESTADOS UNIDOS","url":"https:\/\/innovation-blinds.com\/es\/","logo":{"@type":"ImageObject","inLanguage":"es-ES","@id":"https:\/\/innovation-blinds.com\/es\/#\/schema\/logo\/image\/","url":"https:\/\/innovation-blinds.com\/wp-content\/uploads\/2024\/01\/logo-3.png","contentUrl":"https:\/\/innovation-blinds.com\/wp-content\/uploads\/2024\/01\/logo-3.png","width":296,"height":100,"caption":"INNOVATION BLINDS | PERSIANAS Y CORTINAS EN LA FLORIDA ESTADOS UNIDOS"},"image":{"@id":"https:\/\/innovation-blinds.com\/es\/#\/schema\/logo\/image\/"},"sameAs":["https:\/\/www.facebook.com\/innovationblindsusa\/"]}]}},"_links":{"self":[{"href":"https:\/\/innovation-blinds.com\/es\/wp-json\/wp\/v2\/product\/6904","targetHints":{"allow":["GET"]}}],"collection":[{"href":"https:\/\/innovation-blinds.com\/es\/wp-json\/wp\/v2\/product"}],"about":[{"href":"https:\/\/innovation-blinds.com\/es\/wp-json\/wp\/v2\/types\/product"}],"replies":[{"embeddable":true,"href":"https:\/\/innovation-blinds.com\/es\/wp-json\/wp\/v2\/comments?post=6904"}],"wp:featuredmedia":[{"embeddable":true,"href":"https:\/\/innovation-blinds.com\/es\/wp-json\/wp\/v2\/media\/7483"}],"wp:attachment":[{"href":"https:\/\/innovation-blinds.com\/es\/wp-json\/wp\/v2\/media?parent=6904"}],"wp:term":[{"taxonomy":"product_cat","embeddable":true,"href":"https:\/\/innovation-blinds.com\/es\/wp-json\/wp\/v2\/product_cat?post=6904"},{"taxonomy":"product_tag","embeddable":true,"href":"https:\/\/innovation-blinds.com\/es\/wp-json\/wp\/v2\/product_tag?post=6904"}],"curies":[{"name":"wp","href":"https:\/\/api.w.org\/{rel}","templated":true}]}}