{"id":6900,"date":"2023-11-22T18:41:34","date_gmt":"2023-11-22T18:41:34","guid":{"rendered":"https:\/\/innovation-blinds.com\/?post_type=product&#038;p=6900"},"modified":"2024-12-04T23:36:16","modified_gmt":"2024-12-04T23:36:16","slug":"roller-blackout-enclosed","status":"publish","type":"product","link":"https:\/\/innovation-blinds.com\/es\/producto\/roller-blackout-enclosed\/","title":{"rendered":"Roller Blackout Enclosed"},"content":{"rendered":"<ul>\n<li>Composition: 100% Polyester &#8211; Hypoallergenic<\/li>\n<li>Openness: 0%<\/li>\n<li>UV Blockage: 100%<\/li>\n<li>Max Roll Width: 118<\/li>\n<\/ul>\n","protected":false},"excerpt":{"rendered":"<p style=\"text-align: justify;\">&#8220;Para quienes necesitan un control de luz adicional, nuestras persianas Roller Blackout Enclosed cuentan con un dise\u00f1o de carcasa especial que sella completamente la luz. Perfectas para espacios que requieren oscuridad total, estas persianas ofrecen una privacidad e aislamiento incomparables. Su construcci\u00f3n duradera y su apariencia elegante las hacen pr\u00e1cticas y est\u00e9ticamente atractivas.&#8221;<\/p>\n<h4>Best Seller<\/h4>\n<p><a href=\"https:\/\/innovation-blinds.com\/wp-content\/uploads\/2013\/06\/colores1.png\"><img decoding=\"async\" class=\"alignnone wp-image-7527\" src=\"https:\/\/innovation-blinds.com\/wp-content\/uploads\/2013\/06\/colores1.png\" alt=\"\" width=\"70\" height=\"70\" srcset=\"https:\/\/innovation-blinds.com\/wp-content\/uploads\/2013\/06\/colores1.png 300w, https:\/\/innovation-blinds.com\/wp-content\/uploads\/2013\/06\/colores1-150x150.png 150w, https:\/\/innovation-blinds.com\/wp-content\/uploads\/2013\/06\/colores1-100x100.png 100w\" sizes=\"(max-width: 70px) 100vw, 70px\" \/><\/a> \u00a0 <a href=\"https:\/\/innovation-blinds.com\/wp-content\/uploads\/2013\/06\/colores-b-2.png\"><img decoding=\"async\" class=\"alignnone wp-image-7528\" src=\"https:\/\/innovation-blinds.com\/wp-content\/uploads\/2013\/06\/colores-b-2.png\" alt=\"\" width=\"70\" height=\"70\" srcset=\"https:\/\/innovation-blinds.com\/wp-content\/uploads\/2013\/06\/colores-b-2.png 300w, https:\/\/innovation-blinds.com\/wp-content\/uploads\/2013\/06\/colores-b-2-150x150.png 150w, https:\/\/innovation-blinds.com\/wp-content\/uploads\/2013\/06\/colores-b-2-100x100.png 100w\" sizes=\"(max-width: 70px) 100vw, 70px\" \/><\/a> \u00a0<a href=\"https:\/\/innovation-blinds.com\/wp-content\/uploads\/2013\/06\/colores-B3.png\"><img decoding=\"async\" class=\"alignnone wp-image-7529\" src=\"https:\/\/innovation-blinds.com\/wp-content\/uploads\/2013\/06\/colores-B3.png\" alt=\"\" width=\"70\" height=\"70\" srcset=\"https:\/\/innovation-blinds.com\/wp-content\/uploads\/2013\/06\/colores-B3.png 300w, https:\/\/innovation-blinds.com\/wp-content\/uploads\/2013\/06\/colores-B3-150x150.png 150w, https:\/\/innovation-blinds.com\/wp-content\/uploads\/2013\/06\/colores-B3-100x100.png 100w\" sizes=\"(max-width: 70px) 100vw, 70px\" \/><\/a> \u00a0 <a href=\"https:\/\/innovation-blinds.com\/wp-content\/uploads\/2013\/06\/coloresB4.png\"><img loading=\"lazy\" decoding=\"async\" class=\"alignnone wp-image-7536\" src=\"https:\/\/innovation-blinds.com\/wp-content\/uploads\/2013\/06\/coloresB4-300x300.png\" alt=\"\" width=\"70\" height=\"70\" srcset=\"https:\/\/innovation-blinds.com\/wp-content\/uploads\/2013\/06\/coloresB4-300x300.png 300w, https:\/\/innovation-blinds.com\/wp-content\/uploads\/2013\/06\/coloresB4-150x150.png 150w, https:\/\/innovation-blinds.com\/wp-content\/uploads\/2013\/06\/coloresB4-600x600.png 600w, https:\/\/innovation-blinds.com\/wp-content\/uploads\/2013\/06\/coloresB4-100x100.png 100w, https:\/\/innovation-blinds.com\/wp-content\/uploads\/2013\/06\/coloresB4.png 700w\" sizes=\"(max-width: 70px) 100vw, 70px\" \/><\/a><\/p>\n","protected":false},"featured_media":7520,"comment_status":"closed","ping_status":"closed","template":"","meta":[],"product_cat":[102,18],"product_tag":[],"class_list":{"0":"post-6900","1":"product","2":"type-product","3":"status-publish","4":"has-post-thumbnail","6":"product_cat-productos","7":"product_cat-tipo-roller","9":"first","10":"instock","11":"shipping-taxable","12":"product-type-simple"},"yoast_head":"<!-- This site is optimized with the Yoast SEO plugin v26.2 - https:\/\/yoast.com\/wordpress\/plugins\/seo\/ -->\n<title>Roller Blackout Enclosed - INNOVATION BLINDS | PERSIANAS Y CORTINAS EN LA FLORIDA ESTADOS UNIDOS<\/title>\n<meta name=\"description\" content=\"nuestras persianas Roller Blackout Enclosed cuentan con un dise\u00f1o de carcasa especial que sella completamente la luz. Perfectas para espacios que requieren oscuridad total, estas persianas ofrecen una privacidad e aislamiento incomparables.\" \/>\n<meta name=\"robots\" content=\"index, follow, max-snippet:-1, max-image-preview:large, max-video-preview:-1\" \/>\n<link rel=\"canonical\" href=\"https:\/\/innovation-blinds.com\/es\/producto\/roller-blackout-enclosed\/\" \/>\n<meta property=\"og:locale\" content=\"es_ES\" \/>\n<meta property=\"og:locale:alternate\" content=\"en_US\" \/>\n<meta property=\"og:type\" content=\"article\" \/>\n<meta property=\"og:title\" content=\"Roller Blackout Enclosed\" \/>\n<meta property=\"og:description\" content=\"nuestras persianas Roller Blackout Enclosed cuentan con un dise\u00f1o de carcasa especial que sella completamente la luz. Perfectas para espacios que requieren oscuridad total, estas persianas ofrecen una privacidad e aislamiento incomparables.\" \/>\n<meta property=\"og:url\" content=\"https:\/\/innovation-blinds.com\/es\/producto\/roller-blackout-enclosed\/\" \/>\n<meta property=\"og:site_name\" content=\"INNOVATION BLINDS | PERSIANAS Y CORTINAS EN LA FLORIDA ESTADOS UNIDOS\" \/>\n<meta property=\"article:publisher\" content=\"https:\/\/www.facebook.com\/innovationblindsusa\/\" \/>\n<meta property=\"article:modified_time\" content=\"2024-12-04T23:36:16+00:00\" \/>\n<meta property=\"og:image\" content=\"https:\/\/innovation-blinds.com\/wp-content\/uploads\/2023\/11\/1-1.webp\" \/>\n\t<meta property=\"og:image:width\" content=\"700\" \/>\n\t<meta property=\"og:image:height\" content=\"876\" \/>\n\t<meta property=\"og:image:type\" content=\"image\/webp\" \/>\n<meta name=\"twitter:card\" content=\"summary_large_image\" \/>\n<meta name=\"twitter:label1\" content=\"Tiempo de lectura\" \/>\n\t<meta name=\"twitter:data1\" content=\"1 minuto\" \/>\n<script type=\"application\/ld+json\" class=\"yoast-schema-graph\">{\"@context\":\"https:\/\/schema.org\",\"@graph\":[{\"@type\":\"WebPage\",\"@id\":\"https:\/\/innovation-blinds.com\/es\/producto\/roller-blackout-enclosed\/\",\"url\":\"https:\/\/innovation-blinds.com\/es\/producto\/roller-blackout-enclosed\/\",\"name\":\"Roller Blackout Enclosed\",\"isPartOf\":{\"@id\":\"https:\/\/innovation-blinds.com\/es\/#website\"},\"primaryImageOfPage\":{\"@id\":\"https:\/\/innovation-blinds.com\/es\/producto\/roller-blackout-enclosed\/#primaryimage\"},\"image\":{\"@id\":\"https:\/\/innovation-blinds.com\/es\/producto\/roller-blackout-enclosed\/#primaryimage\"},\"thumbnailUrl\":\"https:\/\/innovation-blinds.com\/wp-content\/uploads\/2023\/11\/1-1.webp\",\"datePublished\":\"2023-11-22T18:41:34+00:00\",\"dateModified\":\"2024-12-04T23:36:16+00:00\",\"description\":\"nuestras persianas Roller Blackout Enclosed cuentan con un dise\u00f1o de carcasa especial que sella completamente la luz. Perfectas para espacios que requieren oscuridad total, estas persianas ofrecen una privacidad e aislamiento incomparables.\",\"breadcrumb\":{\"@id\":\"https:\/\/innovation-blinds.com\/es\/producto\/roller-blackout-enclosed\/#breadcrumb\"},\"inLanguage\":\"es-ES\",\"potentialAction\":[{\"@type\":\"ReadAction\",\"target\":[\"https:\/\/innovation-blinds.com\/es\/producto\/roller-blackout-enclosed\/\"]}]},{\"@type\":\"ImageObject\",\"inLanguage\":\"es-ES\",\"@id\":\"https:\/\/innovation-blinds.com\/es\/producto\/roller-blackout-enclosed\/#primaryimage\",\"url\":\"https:\/\/innovation-blinds.com\/wp-content\/uploads\/2023\/11\/1-1.webp\",\"contentUrl\":\"https:\/\/innovation-blinds.com\/wp-content\/uploads\/2023\/11\/1-1.webp\",\"width\":700,\"height\":876},{\"@type\":\"BreadcrumbList\",\"@id\":\"https:\/\/innovation-blinds.com\/es\/producto\/roller-blackout-enclosed\/#breadcrumb\",\"itemListElement\":[{\"@type\":\"ListItem\",\"position\":1,\"name\":\"Portada\",\"item\":\"https:\/\/innovation-blinds.com\/es\/\"},{\"@type\":\"ListItem\",\"position\":2,\"name\":\"Productos-olb\",\"item\":\"https:\/\/innovation-blinds.com\/es\/shop\/\"},{\"@type\":\"ListItem\",\"position\":3,\"name\":\"Roller Blackout Enclosed\"}]},{\"@type\":\"WebSite\",\"@id\":\"https:\/\/innovation-blinds.com\/es\/#website\",\"url\":\"https:\/\/innovation-blinds.com\/es\/\",\"name\":\"INNOVATION BLINDS | PERSIANAS Y CORTINAS EN LA FLORIDA ESTADOS UNIDOS\",\"description\":\"Contamos con todo en cortinas y persianas para la Florida (Estados Unidos), somos fabricantes y esto nos permite ofrecerte una personalizaci\u00f3n total de tus productos.\",\"publisher\":{\"@id\":\"https:\/\/innovation-blinds.com\/es\/#organization\"},\"potentialAction\":[{\"@type\":\"SearchAction\",\"target\":{\"@type\":\"EntryPoint\",\"urlTemplate\":\"https:\/\/innovation-blinds.com\/es\/?s={search_term_string}\"},\"query-input\":{\"@type\":\"PropertyValueSpecification\",\"valueRequired\":true,\"valueName\":\"search_term_string\"}}],\"inLanguage\":\"es-ES\"},{\"@type\":\"Organization\",\"@id\":\"https:\/\/innovation-blinds.com\/es\/#organization\",\"name\":\"INNOVATION BLINDS | PERSIANAS Y CORTINAS EN LA FLORIDA ESTADOS UNIDOS\",\"url\":\"https:\/\/innovation-blinds.com\/es\/\",\"logo\":{\"@type\":\"ImageObject\",\"inLanguage\":\"es-ES\",\"@id\":\"https:\/\/innovation-blinds.com\/es\/#\/schema\/logo\/image\/\",\"url\":\"https:\/\/innovation-blinds.com\/wp-content\/uploads\/2024\/01\/logo-3.png\",\"contentUrl\":\"https:\/\/innovation-blinds.com\/wp-content\/uploads\/2024\/01\/logo-3.png\",\"width\":296,\"height\":100,\"caption\":\"INNOVATION BLINDS | PERSIANAS Y CORTINAS EN LA FLORIDA ESTADOS UNIDOS\"},\"image\":{\"@id\":\"https:\/\/innovation-blinds.com\/es\/#\/schema\/logo\/image\/\"},\"sameAs\":[\"https:\/\/www.facebook.com\/innovationblindsusa\/\"]}]}<\/script>\n<!-- \/ Yoast SEO plugin. -->","yoast_head_json":{"title":"Roller Blackout Enclosed - INNOVATION BLINDS | PERSIANAS Y CORTINAS EN LA FLORIDA ESTADOS UNIDOS","description":"nuestras persianas Roller Blackout Enclosed cuentan con un dise\u00f1o de carcasa especial que sella completamente la luz. Perfectas para espacios que requieren oscuridad total, estas persianas ofrecen una privacidad e aislamiento incomparables.","robots":{"index":"index","follow":"follow","max-snippet":"max-snippet:-1","max-image-preview":"max-image-preview:large","max-video-preview":"max-video-preview:-1"},"canonical":"https:\/\/innovation-blinds.com\/es\/producto\/roller-blackout-enclosed\/","og_locale":"es_ES","og_type":"article","og_title":"[:en]Roller Blackout Enclosed[:es]Roller Blackout Enclosed[:] - INNOVATION BLINDS | PERSIANAS Y CORTINAS EN LA FLORIDA ESTADOS UNIDOS","og_description":"nuestras persianas Roller Blackout Enclosed cuentan con un dise\u00f1o de carcasa especial que sella completamente la luz. Perfectas para espacios que requieren oscuridad total, estas persianas ofrecen una privacidad e aislamiento incomparables.","og_url":"https:\/\/innovation-blinds.com\/es\/producto\/roller-blackout-enclosed\/","og_site_name":"INNOVATION BLINDS | PERSIANAS Y CORTINAS EN LA FLORIDA ESTADOS UNIDOS","article_publisher":"https:\/\/www.facebook.com\/innovationblindsusa\/","article_modified_time":"2024-12-04T23:36:16+00:00","og_image":[{"width":700,"height":876,"url":"https:\/\/innovation-blinds.com\/wp-content\/uploads\/2023\/11\/1-1.webp","type":"image\/webp"}],"twitter_card":"summary_large_image","twitter_misc":{"Tiempo de lectura":"1 minuto"},"schema":{"@context":"https:\/\/schema.org","@graph":[{"@type":"WebPage","@id":"https:\/\/innovation-blinds.com\/es\/producto\/roller-blackout-enclosed\/","url":"https:\/\/innovation-blinds.com\/es\/producto\/roller-blackout-enclosed\/","name":"Roller Blackout Enclosed","isPartOf":{"@id":"https:\/\/innovation-blinds.com\/es\/#website"},"primaryImageOfPage":{"@id":"https:\/\/innovation-blinds.com\/es\/producto\/roller-blackout-enclosed\/#primaryimage"},"image":{"@id":"https:\/\/innovation-blinds.com\/es\/producto\/roller-blackout-enclosed\/#primaryimage"},"thumbnailUrl":"https:\/\/innovation-blinds.com\/wp-content\/uploads\/2023\/11\/1-1.webp","datePublished":"2023-11-22T18:41:34+00:00","dateModified":"2024-12-04T23:36:16+00:00","description":"nuestras persianas Roller Blackout Enclosed cuentan con un dise\u00f1o de carcasa especial que sella completamente la luz. Perfectas para espacios que requieren oscuridad total, estas persianas ofrecen una privacidad e aislamiento incomparables.","breadcrumb":{"@id":"https:\/\/innovation-blinds.com\/es\/producto\/roller-blackout-enclosed\/#breadcrumb"},"inLanguage":"es-ES","potentialAction":[{"@type":"ReadAction","target":["https:\/\/innovation-blinds.com\/es\/producto\/roller-blackout-enclosed\/"]}]},{"@type":"ImageObject","inLanguage":"es-ES","@id":"https:\/\/innovation-blinds.com\/es\/producto\/roller-blackout-enclosed\/#primaryimage","url":"https:\/\/innovation-blinds.com\/wp-content\/uploads\/2023\/11\/1-1.webp","contentUrl":"https:\/\/innovation-blinds.com\/wp-content\/uploads\/2023\/11\/1-1.webp","width":700,"height":876},{"@type":"BreadcrumbList","@id":"https:\/\/innovation-blinds.com\/es\/producto\/roller-blackout-enclosed\/#breadcrumb","itemListElement":[{"@type":"ListItem","position":1,"name":"Portada","item":"https:\/\/innovation-blinds.com\/es\/"},{"@type":"ListItem","position":2,"name":"Productos-olb","item":"https:\/\/innovation-blinds.com\/es\/shop\/"},{"@type":"ListItem","position":3,"name":"Roller Blackout Enclosed"}]},{"@type":"WebSite","@id":"https:\/\/innovation-blinds.com\/es\/#website","url":"https:\/\/innovation-blinds.com\/es\/","name":"INNOVATION BLINDS | PERSIANAS Y CORTINAS EN LA FLORIDA ESTADOS UNIDOS","description":"Contamos con todo en cortinas y persianas para la Florida (Estados Unidos), somos fabricantes y esto nos permite ofrecerte una personalizaci\u00f3n total de tus productos.","publisher":{"@id":"https:\/\/innovation-blinds.com\/es\/#organization"},"potentialAction":[{"@type":"SearchAction","target":{"@type":"EntryPoint","urlTemplate":"https:\/\/innovation-blinds.com\/es\/?s={search_term_string}"},"query-input":{"@type":"PropertyValueSpecification","valueRequired":true,"valueName":"search_term_string"}}],"inLanguage":"es-ES"},{"@type":"Organization","@id":"https:\/\/innovation-blinds.com\/es\/#organization","name":"INNOVATION BLINDS | PERSIANAS Y CORTINAS EN LA FLORIDA ESTADOS UNIDOS","url":"https:\/\/innovation-blinds.com\/es\/","logo":{"@type":"ImageObject","inLanguage":"es-ES","@id":"https:\/\/innovation-blinds.com\/es\/#\/schema\/logo\/image\/","url":"https:\/\/innovation-blinds.com\/wp-content\/uploads\/2024\/01\/logo-3.png","contentUrl":"https:\/\/innovation-blinds.com\/wp-content\/uploads\/2024\/01\/logo-3.png","width":296,"height":100,"caption":"INNOVATION BLINDS | PERSIANAS Y CORTINAS EN LA FLORIDA ESTADOS UNIDOS"},"image":{"@id":"https:\/\/innovation-blinds.com\/es\/#\/schema\/logo\/image\/"},"sameAs":["https:\/\/www.facebook.com\/innovationblindsusa\/"]}]}},"_links":{"self":[{"href":"https:\/\/innovation-blinds.com\/es\/wp-json\/wp\/v2\/product\/6900","targetHints":{"allow":["GET"]}}],"collection":[{"href":"https:\/\/innovation-blinds.com\/es\/wp-json\/wp\/v2\/product"}],"about":[{"href":"https:\/\/innovation-blinds.com\/es\/wp-json\/wp\/v2\/types\/product"}],"replies":[{"embeddable":true,"href":"https:\/\/innovation-blinds.com\/es\/wp-json\/wp\/v2\/comments?post=6900"}],"wp:featuredmedia":[{"embeddable":true,"href":"https:\/\/innovation-blinds.com\/es\/wp-json\/wp\/v2\/media\/7520"}],"wp:attachment":[{"href":"https:\/\/innovation-blinds.com\/es\/wp-json\/wp\/v2\/media?parent=6900"}],"wp:term":[{"taxonomy":"product_cat","embeddable":true,"href":"https:\/\/innovation-blinds.com\/es\/wp-json\/wp\/v2\/product_cat?post=6900"},{"taxonomy":"product_tag","embeddable":true,"href":"https:\/\/innovation-blinds.com\/es\/wp-json\/wp\/v2\/product_tag?post=6900"}],"curies":[{"name":"wp","href":"https:\/\/api.w.org\/{rel}","templated":true}]}}