{"id":7659,"date":"2024-11-26T23:54:15","date_gmt":"2024-11-26T23:54:15","guid":{"rendered":"https:\/\/innovation-blinds.com\/?page_id=7659"},"modified":"2024-12-01T01:19:00","modified_gmt":"2024-12-01T01:19:00","slug":"produccion-con-los-mejores","status":"publish","type":"page","link":"https:\/\/innovation-blinds.com\/es\/produccion-con-los-mejores\/","title":{"rendered":"Producci\u00f3n con los mejores"},"content":{"rendered":"\t\t<div data-elementor-type=\"wp-page\" data-elementor-id=\"7659\" class=\"elementor elementor-7659\">\n\t\t\t\t<div class=\"elementor-element elementor-element-cde276b e-flex e-con-boxed e-con e-parent\" data-id=\"cde276b\" data-element_type=\"container\">\n\t\t\t\t\t<div class=\"e-con-inner\">\n\t\t<div class=\"elementor-element elementor-element-32d63e7 e-con-full e-flex e-con e-child\" data-id=\"32d63e7\" data-element_type=\"container\">\n\t\t\t\t<div class=\"elementor-element elementor-element-9582d24 elementor-widget elementor-widget-ot-image-gallery\" data-id=\"9582d24\" data-element_type=\"widget\" data-widget_type=\"ot-image-gallery.default\">\n\t\t\t\t<div class=\"elementor-widget-container\">\n\t\t\t\t\t\t\t<div class=\"ot-gallery image-popup-gallery gallery-column-3\">\r\n\t\t\t<div class=\"grid-sizer\"><\/div>\r\n\t\t\t<figure class=\"ot-gallery__item width2x\"><a class=\"overlay hover-scale \" data-src=\"https:\/\/innovation-blinds.com\/wp-content\/uploads\/2024\/11\/5b8dc32185dceae242b8327920d26bb1_medium.jpg\" data-sub-html=\"5b8dc32185dceae242b8327920d26bb1_medium\"><img fetchpriority=\"high\" decoding=\"async\" width=\"800\" height=\"800\" src=\"https:\/\/innovation-blinds.com\/wp-content\/uploads\/2024\/11\/5b8dc32185dceae242b8327920d26bb1_medium.jpg\" class=\"attachment-full size-full\" alt=\"\" \/><span class=\"bg\"><\/span><figcaption><h5 class=\"post-title\">Client 1<\/h5><\/figcaption><\/a><\/figure><figure class=\"ot-gallery__item \"><a class=\"overlay hover-scale \" data-src=\"https:\/\/innovation-blinds.com\/wp-content\/uploads\/2024\/11\/2c58ba6a4b3c2941b375c7cf48264480_medium.jpg\" data-sub-html=\"2c58ba6a4b3c2941b375c7cf48264480_medium\"><img decoding=\"async\" width=\"396\" height=\"227\" src=\"https:\/\/innovation-blinds.com\/wp-content\/uploads\/2024\/11\/2c58ba6a4b3c2941b375c7cf48264480_medium.jpg\" class=\"attachment-full size-full\" alt=\"\" \/><span class=\"bg\"><\/span><figcaption><h5 class=\"post-title\">Client 3<\/h5><\/figcaption><\/a><\/figure><figure class=\"ot-gallery__item \"><a class=\"overlay hover-scale \" data-src=\"https:\/\/innovation-blinds.com\/wp-content\/uploads\/2024\/11\/ae5ff6393a8db4412e149ce61fb0c814_medium.jpg\" data-sub-html=\"ae5ff6393a8db4412e149ce61fb0c814_medium\"><img decoding=\"async\" width=\"550\" height=\"315\" src=\"https:\/\/innovation-blinds.com\/wp-content\/uploads\/2024\/11\/ae5ff6393a8db4412e149ce61fb0c814_medium.jpg\" class=\"attachment-full size-full\" alt=\"\" \/><span class=\"bg\"><\/span><figcaption><h5 class=\"post-title\">Client 3<\/h5><\/figcaption><\/a><\/figure><figure class=\"ot-gallery__item \"><a class=\"overlay hover-scale \" data-src=\"https:\/\/innovation-blinds.com\/wp-content\/uploads\/2024\/11\/86bc2362486bd433b1a3ef8ebcd19a54_medium.jpg\" data-sub-html=\"86bc2362486bd433b1a3ef8ebcd19a54_medium\"><img loading=\"lazy\" decoding=\"async\" width=\"550\" height=\"315\" src=\"https:\/\/innovation-blinds.com\/wp-content\/uploads\/2024\/11\/86bc2362486bd433b1a3ef8ebcd19a54_medium.jpg\" class=\"attachment-full size-full\" alt=\"\" \/><span class=\"bg\"><\/span><figcaption><h5 class=\"post-title\">Client 3<\/h5><\/figcaption><\/a><\/figure>\t    <\/div>\r\n\t\t\t\t\t\t<\/div>\n\t\t\t\t<\/div>\n\t\t\t\t<\/div>\n\t\t<div class=\"elementor-element elementor-element-0e6c91e e-con-full e-flex e-con e-child\" data-id=\"0e6c91e\" data-element_type=\"container\">\n\t\t\t\t<div class=\"elementor-element elementor-element-d121f88 elementor-widget elementor-widget-heading\" data-id=\"d121f88\" data-element_type=\"widget\" data-widget_type=\"heading.default\">\n\t\t\t\t<div class=\"elementor-widget-container\">\n\t\t\t\t\t<h2 class=\"elementor-heading-title elementor-size-default\">Motor tubular de radio con bater\u00eda de litio incorporada AM35<\/h2>\t\t\t\t<\/div>\n\t\t\t\t<\/div>\n\t\t\t\t<div class=\"elementor-element elementor-element-4302762 elementor-widget__width-initial elementor-widget elementor-widget-text-editor\" data-id=\"4302762\" data-element_type=\"widget\" data-widget_type=\"text-editor.default\">\n\t\t\t\t<div class=\"elementor-widget-container\">\n\t\t\t\t\t\t\t\t\t<p>Instalaci\u00f3n f\u00e1cil y r\u00e1pida, no requiere cableado y se opera f\u00e1cilmente con un mando a distancia gracias a su receptor inteligente incorporado.<\/p><table style=\"border-collapse: collapse; width: 100%;\"><tbody><tr><td style=\"width: 33.8428%;\"><p><strong>Marca:<\/strong><\/p><\/td><td style=\"width: 66.1572%;\">A-OK<\/td><\/tr><tr><td style=\"width: 33.8428%;\">Art\u00edculo No.:<\/td><td style=\"width: 66.1572%;\">\u00a0<span style=\"color: #666666; font-family: Montserrat, sans-serif; font-size: 12px; background-color: rgba(255, 255, 255, 0.1);\">AM35<\/span><\/td><\/tr><tr><td style=\"width: 33.8428%;\">Color:<\/td><td style=\"width: 66.1572%;\">Yellow or custom<\/td><\/tr><tr><td style=\"width: 33.8428%;\">Tiempo de espera:<\/td><td style=\"width: 66.1572%;\">30 days(A-OK standard)<\/td><\/tr><tr><td style=\"width: 33.8428%;\">Orden (MOQ):<\/td><td style=\"width: 66.1572%;\">1000 pcs<\/td><\/tr><tr><td style=\"width: 33.8428%;\">Garant\u00eda:<\/td><td style=\"width: 66.1572%;\">up to 3 years<\/td><\/tr><tr><td style=\"width: 33.8428%;\">Certificado:<\/td><td style=\"width: 66.1572%;\">CE\/CB\/TUV\/C-TICK\/R&amp;TTE\/FCC\/RoHS\/C-UL-US\/C-TUV-US<\/td><\/tr><\/tbody><\/table>\t\t\t\t\t\t\t\t<\/div>\n\t\t\t\t<\/div>\n\t\t\t\t<\/div>\n\t\t\t\t\t<\/div>\n\t\t\t\t<\/div>\n\t\t<div class=\"elementor-element elementor-element-f7686ca e-flex e-con-boxed e-con e-parent\" data-id=\"f7686ca\" data-element_type=\"container\">\n\t\t\t\t\t<div class=\"e-con-inner\">\n\t\t\t\t<div class=\"elementor-element elementor-element-7fa83f9 elementor-widget elementor-widget-text-editor\" data-id=\"7fa83f9\" data-element_type=\"widget\" data-widget_type=\"text-editor.default\">\n\t\t\t\t<div class=\"elementor-widget-container\">\n\t\t\t\t\t\t\t\t\t<p style=\"text-align: justify;\">Basado en radiofrecuencia para que no tenga que apuntar el control remoto cada vez que quiera controlarlo. De hecho, puedes usar el<strong>\u00a0Motor tubular de radio de bater\u00eda<\/strong>\u00a0controla las persianas de tu sal\u00f3n desde tu dormitorio de forma totalmente inal\u00e1mbrica.<\/p>\t\t\t\t\t\t\t\t<\/div>\n\t\t\t\t<\/div>\n\t\t\t\t\t<\/div>\n\t\t\t\t<\/div>\n\t\t<div class=\"elementor-element elementor-element-6efeb59 e-flex e-con-boxed e-con e-parent\" data-id=\"6efeb59\" data-element_type=\"container\">\n\t\t\t\t\t<div class=\"e-con-inner\">\n\t\t\t\t<div class=\"elementor-element elementor-element-59744da elementor-widget elementor-widget-image\" data-id=\"59744da\" data-element_type=\"widget\" data-widget_type=\"image.default\">\n\t\t\t\t<div class=\"elementor-widget-container\">\n\t\t\t\t\t\t\t\t\t\t\t\t\t\t\t<img loading=\"lazy\" decoding=\"async\" width=\"991\" height=\"102\" src=\"https:\/\/innovation-blinds.com\/wp-content\/uploads\/2024\/11\/20211220162240_66140.jpg\" class=\"attachment-large size-large wp-image-7679\" alt=\"\" srcset=\"https:\/\/innovation-blinds.com\/wp-content\/uploads\/2024\/11\/20211220162240_66140.jpg 991w, https:\/\/innovation-blinds.com\/wp-content\/uploads\/2024\/11\/20211220162240_66140-300x31.jpg 300w, https:\/\/innovation-blinds.com\/wp-content\/uploads\/2024\/11\/20211220162240_66140-768x79.jpg 768w, https:\/\/innovation-blinds.com\/wp-content\/uploads\/2024\/11\/20211220162240_66140-600x62.jpg 600w\" sizes=\"(max-width: 991px) 100vw, 991px\" \/>\t\t\t\t\t\t\t\t\t\t\t\t\t\t\t<\/div>\n\t\t\t\t<\/div>\n\t\t\t\t\t<\/div>\n\t\t\t\t<\/div>\n\t\t<div class=\"elementor-element elementor-element-8a8e4c8 e-flex e-con-boxed e-con e-parent\" data-id=\"8a8e4c8\" data-element_type=\"container\">\n\t\t\t\t\t<div class=\"e-con-inner\">\n\t\t\t\t<div class=\"elementor-element elementor-element-757a1e3 elementor-widget elementor-widget-image\" data-id=\"757a1e3\" data-element_type=\"widget\" data-widget_type=\"image.default\">\n\t\t\t\t<div class=\"elementor-widget-container\">\n\t\t\t\t\t\t\t\t\t\t\t\t\t\t\t<img loading=\"lazy\" decoding=\"async\" width=\"991\" height=\"167\" src=\"https:\/\/innovation-blinds.com\/wp-content\/uploads\/2024\/11\/20211220162256_61525-1.jpg\" class=\"attachment-large size-large wp-image-7732\" alt=\"\" srcset=\"https:\/\/innovation-blinds.com\/wp-content\/uploads\/2024\/11\/20211220162256_61525-1.jpg 991w, https:\/\/innovation-blinds.com\/wp-content\/uploads\/2024\/11\/20211220162256_61525-1-300x51.jpg 300w, https:\/\/innovation-blinds.com\/wp-content\/uploads\/2024\/11\/20211220162256_61525-1-768x129.jpg 768w, https:\/\/innovation-blinds.com\/wp-content\/uploads\/2024\/11\/20211220162256_61525-1-600x101.jpg 600w\" sizes=\"(max-width: 991px) 100vw, 991px\" \/>\t\t\t\t\t\t\t\t\t\t\t\t\t\t\t<\/div>\n\t\t\t\t<\/div>\n\t\t\t\t\t<\/div>\n\t\t\t\t<\/div>\n\t\t<div class=\"elementor-element elementor-element-623e04f e-flex e-con-boxed e-con e-parent\" data-id=\"623e04f\" data-element_type=\"container\">\n\t\t\t\t\t<div class=\"e-con-inner\">\n\t\t\t\t<div class=\"elementor-element elementor-element-54cb068 elementor-widget elementor-widget-text-editor\" data-id=\"54cb068\" data-element_type=\"widget\" data-widget_type=\"text-editor.default\">\n\t\t\t\t<div class=\"elementor-widget-container\">\n\t\t\t\t\t\t\t\t\t<p class=\"\"><strong>AM35:<\/strong><\/p><p class=\"\" style=\"text-align: justify;\">Motor tubular de radio de bater\u00eda de litio incorporado<br \/>AM35 motor tubular de bater\u00eda incorporado de ahorro de energ\u00eda utilizado principalmente para persianas enrollables, persianas plisadas, persianas Shangri-La, pantallas de proyecci\u00f3n, tambi\u00e9n para persianas venecianas de aluminio y madera de tama\u00f1o mediano y peque\u00f1o, f\u00e1cil de instalar y cablear. Ning\u00fan l\u00edmite de sobrecalentamiento permite un trabajo continuo durante mucho tiempo, compatible con todos los sistemas de control A-OK.<\/p>\t\t\t\t\t\t\t\t<\/div>\n\t\t\t\t<\/div>\n\t\t\t\t\t<\/div>\n\t\t\t\t<\/div>\n\t\t<div class=\"elementor-element elementor-element-c07a2d5 e-flex e-con-boxed e-con e-parent\" data-id=\"c07a2d5\" data-element_type=\"container\">\n\t\t\t\t\t<div class=\"e-con-inner\">\n\t\t\t\t<div class=\"elementor-element elementor-element-47e4ff6 elementor-widget elementor-widget-image\" data-id=\"47e4ff6\" data-element_type=\"widget\" data-widget_type=\"image.default\">\n\t\t\t\t<div class=\"elementor-widget-container\">\n\t\t\t\t\t\t\t\t\t\t\t\t\t\t\t<img loading=\"lazy\" decoding=\"async\" width=\"991\" height=\"172\" src=\"https:\/\/innovation-blinds.com\/wp-content\/uploads\/2024\/11\/20211220170741_22374.jpg\" class=\"attachment-large size-large wp-image-7743\" alt=\"\" srcset=\"https:\/\/innovation-blinds.com\/wp-content\/uploads\/2024\/11\/20211220170741_22374.jpg 991w, https:\/\/innovation-blinds.com\/wp-content\/uploads\/2024\/11\/20211220170741_22374-300x52.jpg 300w, https:\/\/innovation-blinds.com\/wp-content\/uploads\/2024\/11\/20211220170741_22374-768x133.jpg 768w, https:\/\/innovation-blinds.com\/wp-content\/uploads\/2024\/11\/20211220170741_22374-600x104.jpg 600w\" sizes=\"(max-width: 991px) 100vw, 991px\" \/>\t\t\t\t\t\t\t\t\t\t\t\t\t\t\t<\/div>\n\t\t\t\t<\/div>\n\t\t\t\t\t<\/div>\n\t\t\t\t<\/div>\n\t\t<div class=\"elementor-element elementor-element-903f503 e-flex e-con-boxed e-con e-parent\" data-id=\"903f503\" data-element_type=\"container\">\n\t\t\t\t\t<div class=\"e-con-inner\">\n\t\t\t\t<div class=\"elementor-element elementor-element-63f2423 elementor-widget elementor-widget-text-editor\" data-id=\"63f2423\" data-element_type=\"widget\" data-widget_type=\"text-editor.default\">\n\t\t\t\t<div class=\"elementor-widget-container\">\n\t\t\t\t\t\t\t\t\t<p class=\"\"><strong>Caracter\u00edsticas:<\/strong><\/p><p>* Alimentaci\u00f3n por bater\u00eda de iones de litio integrada o externa opcional Bater\u00eda de iones de litio integrada 14,8 V\/3000 mAh;<\/p><p>*\u00a0Ruido de funcionamiento tan bajo como 40dB;<\/p><p>* Funci\u00f3n de autocorrecci\u00f3n del desplazamiento causado por el frenado;<\/p><p class=\"\" style=\"text-align: justify;\">* Ajuste de l\u00edmite autom\u00e1tico con control remoto, adecuado para lugares de instalaci\u00f3n y ajuste inconvenientes;<br \/>* Detener y rebotar por bloque, proteger el sistema y ser seguro de usar;<br \/>* Dise\u00f1o de ahorro de energ\u00eda patentado, alimentado por poste de bater\u00eda o panel solar;<\/p><p>* Tablero de control incorporado cubierto por una caja sellada, alto rendimiento de seguridad;<\/p><p class=\"\"><strong>Solicitud:<\/strong><\/p><p>Panel solar para cargar la bater\u00eda incorporada, adecuado para los lugares donde no se reserv\u00f3 el suministro de energ\u00eda y resuelve de manera efectiva el problema de no tener un suministro de energ\u00eda reservado<\/p>\t\t\t\t\t\t\t\t<\/div>\n\t\t\t\t<\/div>\n\t\t\t\t\t<\/div>\n\t\t\t\t<\/div>\n\t\t\t\t<\/div>\n\t\t","protected":false},"excerpt":{"rendered":"<p>Client 1 Client 3 Client 3 Client 3 Motor tubular de radio con bater\u00eda de litio incorporada AM35 Instalaci\u00f3n f\u00e1cil y r\u00e1pida, no requiere cableado y se opera f\u00e1cilmente con un mando a distancia gracias a su receptor inteligente incorporado. Marca: A-OK Art\u00edculo No.: \u00a0AM35 Color: Yellow or custom Tiempo de espera: 30 days(A-OK standard) [&hellip;]<\/p>\n","protected":false},"author":1,"featured_media":0,"parent":0,"menu_order":0,"comment_status":"closed","ping_status":"closed","template":"","meta":{"footnotes":""},"class_list":["post-7659","page","type-page","status-publish","hentry"],"yoast_head":"<!-- This site is optimized with the Yoast SEO plugin v26.2 - https:\/\/yoast.com\/wordpress\/plugins\/seo\/ -->\n<title>Producci\u00f3n con los mejores - INNOVATION BLINDS | PERSIANAS Y CORTINAS EN LA FLORIDA ESTADOS UNIDOS<\/title>\n<meta name=\"robots\" content=\"index, follow, max-snippet:-1, max-image-preview:large, max-video-preview:-1\" \/>\n<link rel=\"canonical\" href=\"https:\/\/innovation-blinds.com\/es\/produccion-con-los-mejores\/\" \/>\n<meta property=\"og:locale\" content=\"es_ES\" \/>\n<meta property=\"og:locale:alternate\" content=\"en_US\" \/>\n<meta property=\"og:type\" content=\"article\" \/>\n<meta property=\"og:title\" content=\"Producci\u00f3n con los mejores - INNOVATION BLINDS | PERSIANAS Y CORTINAS EN LA FLORIDA ESTADOS UNIDOS\" \/>\n<meta property=\"og:description\" content=\"Client 1 Client 3 Client 3 Client 3 Motor tubular de radio con bater\u00eda de litio incorporada AM35 Instalaci\u00f3n f\u00e1cil y r\u00e1pida, no requiere cableado y se opera f\u00e1cilmente con un mando a distancia gracias a su receptor inteligente incorporado. Marca: A-OK Art\u00edculo No.: \u00a0AM35 Color: Yellow or custom Tiempo de espera: 30 days(A-OK standard) [&hellip;]\" \/>\n<meta property=\"og:url\" content=\"https:\/\/innovation-blinds.com\/es\/produccion-con-los-mejores\/\" \/>\n<meta property=\"og:site_name\" content=\"INNOVATION BLINDS | PERSIANAS Y CORTINAS EN LA FLORIDA ESTADOS UNIDOS\" \/>\n<meta property=\"article:publisher\" content=\"https:\/\/www.facebook.com\/innovationblindsusa\/\" \/>\n<meta property=\"article:modified_time\" content=\"2024-12-01T01:19:00+00:00\" \/>\n<meta property=\"og:image\" content=\"https:\/\/innovation-blinds.com\/wp-content\/uploads\/2024\/11\/5b8dc32185dceae242b8327920d26bb1_medium.jpg\" \/>\n<meta name=\"twitter:card\" content=\"summary_large_image\" \/>\n<meta name=\"twitter:label1\" content=\"Tiempo de lectura\" \/>\n\t<meta name=\"twitter:data1\" content=\"3 minutos\" \/>\n<script type=\"application\/ld+json\" class=\"yoast-schema-graph\">{\"@context\":\"https:\/\/schema.org\",\"@graph\":[{\"@type\":\"WebPage\",\"@id\":\"https:\/\/innovation-blinds.com\/es\/produccion-con-los-mejores\/\",\"url\":\"https:\/\/innovation-blinds.com\/es\/produccion-con-los-mejores\/\",\"name\":\"Producci\u00f3n con los mejores - INNOVATION BLINDS | PERSIANAS Y CORTINAS EN LA FLORIDA ESTADOS UNIDOS\",\"isPartOf\":{\"@id\":\"https:\/\/innovation-blinds.com\/es\/#website\"},\"primaryImageOfPage\":{\"@id\":\"https:\/\/innovation-blinds.com\/es\/produccion-con-los-mejores\/#primaryimage\"},\"image\":{\"@id\":\"https:\/\/innovation-blinds.com\/es\/produccion-con-los-mejores\/#primaryimage\"},\"thumbnailUrl\":\"https:\/\/innovation-blinds.com\/wp-content\/uploads\/2024\/11\/5b8dc32185dceae242b8327920d26bb1_medium.jpg\",\"datePublished\":\"2024-11-26T23:54:15+00:00\",\"dateModified\":\"2024-12-01T01:19:00+00:00\",\"breadcrumb\":{\"@id\":\"https:\/\/innovation-blinds.com\/es\/produccion-con-los-mejores\/#breadcrumb\"},\"inLanguage\":\"es-ES\",\"potentialAction\":[{\"@type\":\"ReadAction\",\"target\":[\"https:\/\/innovation-blinds.com\/es\/produccion-con-los-mejores\/\"]}]},{\"@type\":\"ImageObject\",\"inLanguage\":\"es-ES\",\"@id\":\"https:\/\/innovation-blinds.com\/es\/produccion-con-los-mejores\/#primaryimage\",\"url\":\"https:\/\/innovation-blinds.com\/wp-content\/uploads\/2024\/11\/5b8dc32185dceae242b8327920d26bb1_medium.jpg\",\"contentUrl\":\"https:\/\/innovation-blinds.com\/wp-content\/uploads\/2024\/11\/5b8dc32185dceae242b8327920d26bb1_medium.jpg\"},{\"@type\":\"BreadcrumbList\",\"@id\":\"https:\/\/innovation-blinds.com\/es\/produccion-con-los-mejores\/#breadcrumb\",\"itemListElement\":[{\"@type\":\"ListItem\",\"position\":1,\"name\":\"Portada\",\"item\":\"https:\/\/innovation-blinds.com\/es\/\"},{\"@type\":\"ListItem\",\"position\":2,\"name\":\"Producci\u00f3n con los mejores\"}]},{\"@type\":\"WebSite\",\"@id\":\"https:\/\/innovation-blinds.com\/es\/#website\",\"url\":\"https:\/\/innovation-blinds.com\/es\/\",\"name\":\"INNOVATION BLINDS | PERSIANAS Y CORTINAS EN LA FLORIDA ESTADOS UNIDOS\",\"description\":\"Contamos con todo en cortinas y persianas para la Florida (Estados Unidos), somos fabricantes y esto nos permite ofrecerte una personalizaci\u00f3n total de tus productos.\",\"publisher\":{\"@id\":\"https:\/\/innovation-blinds.com\/es\/#organization\"},\"potentialAction\":[{\"@type\":\"SearchAction\",\"target\":{\"@type\":\"EntryPoint\",\"urlTemplate\":\"https:\/\/innovation-blinds.com\/es\/?s={search_term_string}\"},\"query-input\":{\"@type\":\"PropertyValueSpecification\",\"valueRequired\":true,\"valueName\":\"search_term_string\"}}],\"inLanguage\":\"es-ES\"},{\"@type\":\"Organization\",\"@id\":\"https:\/\/innovation-blinds.com\/es\/#organization\",\"name\":\"INNOVATION BLINDS | PERSIANAS Y CORTINAS EN LA FLORIDA ESTADOS UNIDOS\",\"url\":\"https:\/\/innovation-blinds.com\/es\/\",\"logo\":{\"@type\":\"ImageObject\",\"inLanguage\":\"es-ES\",\"@id\":\"https:\/\/innovation-blinds.com\/es\/#\/schema\/logo\/image\/\",\"url\":\"https:\/\/innovation-blinds.com\/wp-content\/uploads\/2024\/01\/logo-3.png\",\"contentUrl\":\"https:\/\/innovation-blinds.com\/wp-content\/uploads\/2024\/01\/logo-3.png\",\"width\":296,\"height\":100,\"caption\":\"INNOVATION BLINDS | PERSIANAS Y CORTINAS EN LA FLORIDA ESTADOS UNIDOS\"},\"image\":{\"@id\":\"https:\/\/innovation-blinds.com\/es\/#\/schema\/logo\/image\/\"},\"sameAs\":[\"https:\/\/www.facebook.com\/innovationblindsusa\/\"]}]}<\/script>\n<!-- \/ Yoast SEO plugin. -->","yoast_head_json":{"title":"Producci\u00f3n con los mejores - INNOVATION BLINDS | PERSIANAS Y CORTINAS EN LA FLORIDA ESTADOS UNIDOS","robots":{"index":"index","follow":"follow","max-snippet":"max-snippet:-1","max-image-preview":"max-image-preview:large","max-video-preview":"max-video-preview:-1"},"canonical":"https:\/\/innovation-blinds.com\/es\/produccion-con-los-mejores\/","og_locale":"es_ES","og_type":"article","og_title":"Producci\u00f3n con los mejores - INNOVATION BLINDS | PERSIANAS Y CORTINAS EN LA FLORIDA ESTADOS UNIDOS","og_description":"Client 1 Client 3 Client 3 Client 3 Motor tubular de radio con bater\u00eda de litio incorporada AM35 Instalaci\u00f3n f\u00e1cil y r\u00e1pida, no requiere cableado y se opera f\u00e1cilmente con un mando a distancia gracias a su receptor inteligente incorporado. Marca: A-OK Art\u00edculo No.: \u00a0AM35 Color: Yellow or custom Tiempo de espera: 30 days(A-OK standard) [&hellip;]","og_url":"https:\/\/innovation-blinds.com\/es\/produccion-con-los-mejores\/","og_site_name":"INNOVATION BLINDS | PERSIANAS Y CORTINAS EN LA FLORIDA ESTADOS UNIDOS","article_publisher":"https:\/\/www.facebook.com\/innovationblindsusa\/","article_modified_time":"2024-12-01T01:19:00+00:00","og_image":[{"url":"https:\/\/innovation-blinds.com\/wp-content\/uploads\/2024\/11\/5b8dc32185dceae242b8327920d26bb1_medium.jpg","type":"","width":"","height":""}],"twitter_card":"summary_large_image","twitter_misc":{"Tiempo de lectura":"3 minutos"},"schema":{"@context":"https:\/\/schema.org","@graph":[{"@type":"WebPage","@id":"https:\/\/innovation-blinds.com\/es\/produccion-con-los-mejores\/","url":"https:\/\/innovation-blinds.com\/es\/produccion-con-los-mejores\/","name":"Producci\u00f3n con los mejores - INNOVATION BLINDS | PERSIANAS Y CORTINAS EN LA FLORIDA ESTADOS UNIDOS","isPartOf":{"@id":"https:\/\/innovation-blinds.com\/es\/#website"},"primaryImageOfPage":{"@id":"https:\/\/innovation-blinds.com\/es\/produccion-con-los-mejores\/#primaryimage"},"image":{"@id":"https:\/\/innovation-blinds.com\/es\/produccion-con-los-mejores\/#primaryimage"},"thumbnailUrl":"https:\/\/innovation-blinds.com\/wp-content\/uploads\/2024\/11\/5b8dc32185dceae242b8327920d26bb1_medium.jpg","datePublished":"2024-11-26T23:54:15+00:00","dateModified":"2024-12-01T01:19:00+00:00","breadcrumb":{"@id":"https:\/\/innovation-blinds.com\/es\/produccion-con-los-mejores\/#breadcrumb"},"inLanguage":"es-ES","potentialAction":[{"@type":"ReadAction","target":["https:\/\/innovation-blinds.com\/es\/produccion-con-los-mejores\/"]}]},{"@type":"ImageObject","inLanguage":"es-ES","@id":"https:\/\/innovation-blinds.com\/es\/produccion-con-los-mejores\/#primaryimage","url":"https:\/\/innovation-blinds.com\/wp-content\/uploads\/2024\/11\/5b8dc32185dceae242b8327920d26bb1_medium.jpg","contentUrl":"https:\/\/innovation-blinds.com\/wp-content\/uploads\/2024\/11\/5b8dc32185dceae242b8327920d26bb1_medium.jpg"},{"@type":"BreadcrumbList","@id":"https:\/\/innovation-blinds.com\/es\/produccion-con-los-mejores\/#breadcrumb","itemListElement":[{"@type":"ListItem","position":1,"name":"Portada","item":"https:\/\/innovation-blinds.com\/es\/"},{"@type":"ListItem","position":2,"name":"Producci\u00f3n con los mejores"}]},{"@type":"WebSite","@id":"https:\/\/innovation-blinds.com\/es\/#website","url":"https:\/\/innovation-blinds.com\/es\/","name":"INNOVATION BLINDS | PERSIANAS Y CORTINAS EN LA FLORIDA ESTADOS UNIDOS","description":"Contamos con todo en cortinas y persianas para la Florida (Estados Unidos), somos fabricantes y esto nos permite ofrecerte una personalizaci\u00f3n total de tus productos.","publisher":{"@id":"https:\/\/innovation-blinds.com\/es\/#organization"},"potentialAction":[{"@type":"SearchAction","target":{"@type":"EntryPoint","urlTemplate":"https:\/\/innovation-blinds.com\/es\/?s={search_term_string}"},"query-input":{"@type":"PropertyValueSpecification","valueRequired":true,"valueName":"search_term_string"}}],"inLanguage":"es-ES"},{"@type":"Organization","@id":"https:\/\/innovation-blinds.com\/es\/#organization","name":"INNOVATION BLINDS | PERSIANAS Y CORTINAS EN LA FLORIDA ESTADOS UNIDOS","url":"https:\/\/innovation-blinds.com\/es\/","logo":{"@type":"ImageObject","inLanguage":"es-ES","@id":"https:\/\/innovation-blinds.com\/es\/#\/schema\/logo\/image\/","url":"https:\/\/innovation-blinds.com\/wp-content\/uploads\/2024\/01\/logo-3.png","contentUrl":"https:\/\/innovation-blinds.com\/wp-content\/uploads\/2024\/01\/logo-3.png","width":296,"height":100,"caption":"INNOVATION BLINDS | PERSIANAS Y CORTINAS EN LA FLORIDA ESTADOS UNIDOS"},"image":{"@id":"https:\/\/innovation-blinds.com\/es\/#\/schema\/logo\/image\/"},"sameAs":["https:\/\/www.facebook.com\/innovationblindsusa\/"]}]}},"_links":{"self":[{"href":"https:\/\/innovation-blinds.com\/es\/wp-json\/wp\/v2\/pages\/7659","targetHints":{"allow":["GET"]}}],"collection":[{"href":"https:\/\/innovation-blinds.com\/es\/wp-json\/wp\/v2\/pages"}],"about":[{"href":"https:\/\/innovation-blinds.com\/es\/wp-json\/wp\/v2\/types\/page"}],"author":[{"embeddable":true,"href":"https:\/\/innovation-blinds.com\/es\/wp-json\/wp\/v2\/users\/1"}],"replies":[{"embeddable":true,"href":"https:\/\/innovation-blinds.com\/es\/wp-json\/wp\/v2\/comments?post=7659"}],"version-history":[{"count":80,"href":"https:\/\/innovation-blinds.com\/es\/wp-json\/wp\/v2\/pages\/7659\/revisions"}],"predecessor-version":[{"id":8235,"href":"https:\/\/innovation-blinds.com\/es\/wp-json\/wp\/v2\/pages\/7659\/revisions\/8235"}],"wp:attachment":[{"href":"https:\/\/innovation-blinds.com\/es\/wp-json\/wp\/v2\/media?parent=7659"}],"curies":[{"name":"wp","href":"https:\/\/api.w.org\/{rel}","templated":true}]}}