{"id":55,"date":"2024-06-13T03:10:47","date_gmt":"2024-06-13T03:10:47","guid":{"rendered":"https:\/\/archi2.oceanthemes.site\/painting\/?page_id=55"},"modified":"2024-12-01T00:56:28","modified_gmt":"2024-12-01T00:56:28","slug":"nuestra-empresa","status":"publish","type":"page","link":"https:\/\/innovation-blinds.com\/es\/nuestra-empresa\/","title":{"rendered":"Sobre Nosotros"},"content":{"rendered":"\t\t<div data-elementor-type=\"wp-page\" data-elementor-id=\"55\" class=\"elementor elementor-55\">\n\t\t\t\t<div class=\"elementor-element elementor-element-464473a e-flex e-con-boxed e-con e-parent\" data-id=\"464473a\" data-element_type=\"container\">\n\t\t\t\t\t<div class=\"e-con-inner\">\n\t\t<div class=\"elementor-element elementor-element-ab4cb1e e-con-full e-flex e-con e-child\" data-id=\"ab4cb1e\" data-element_type=\"container\">\n\t\t\t\t<div class=\"elementor-element elementor-element-030ef9c elementor-widget elementor-widget-image\" data-id=\"030ef9c\" data-element_type=\"widget\" data-widget_type=\"image.default\">\n\t\t\t\t<div class=\"elementor-widget-container\">\n\t\t\t\t\t\t\t\t\t\t\t\t\t\t\t<img fetchpriority=\"high\" decoding=\"async\" width=\"800\" height=\"1091\" src=\"https:\/\/innovation-blinds.com\/wp-content\/uploads\/2024\/11\/empresa2-1.webp\" class=\"attachment-full size-full wp-image-6996\" alt=\"\" srcset=\"https:\/\/innovation-blinds.com\/wp-content\/uploads\/2024\/11\/empresa2-1.webp 800w, https:\/\/innovation-blinds.com\/wp-content\/uploads\/2024\/11\/empresa2-1-220x300.webp 220w, https:\/\/innovation-blinds.com\/wp-content\/uploads\/2024\/11\/empresa2-1-751x1024.webp 751w, https:\/\/innovation-blinds.com\/wp-content\/uploads\/2024\/11\/empresa2-1-768x1047.webp 768w, https:\/\/innovation-blinds.com\/wp-content\/uploads\/2024\/11\/empresa2-1-600x818.webp 600w\" sizes=\"(max-width: 800px) 100vw, 800px\" \/>\t\t\t\t\t\t\t\t\t\t\t\t\t\t\t<\/div>\n\t\t\t\t<\/div>\n\t\t\t\t<div class=\"elementor-element elementor-element-e3f72a9 elementor-widget elementor-widget-image\" data-id=\"e3f72a9\" data-element_type=\"widget\" data-widget_type=\"image.default\">\n\t\t\t\t<div class=\"elementor-widget-container\">\n\t\t\t\t\t\t\t\t\t\t\t\t\t\t\t<img decoding=\"async\" width=\"800\" height=\"533\" src=\"https:\/\/innovation-blinds.com\/wp-content\/uploads\/2024\/11\/empresa1.webp\" class=\"attachment-full size-full wp-image-6993\" alt=\"\" srcset=\"https:\/\/innovation-blinds.com\/wp-content\/uploads\/2024\/11\/empresa1.webp 800w, https:\/\/innovation-blinds.com\/wp-content\/uploads\/2024\/11\/empresa1-300x200.webp 300w, https:\/\/innovation-blinds.com\/wp-content\/uploads\/2024\/11\/empresa1-768x512.webp 768w, https:\/\/innovation-blinds.com\/wp-content\/uploads\/2024\/11\/empresa1-600x400.webp 600w\" sizes=\"(max-width: 800px) 100vw, 800px\" \/>\t\t\t\t\t\t\t\t\t\t\t\t\t\t\t<\/div>\n\t\t\t\t<\/div>\n\t\t\t\t<\/div>\n\t\t<div class=\"elementor-element elementor-element-cf6ae35 e-flex e-con-boxed e-con e-child\" data-id=\"cf6ae35\" data-element_type=\"container\">\n\t\t\t\t\t<div class=\"e-con-inner\">\n\t\t<div class=\"elementor-element elementor-element-2bf6109 e-con-full e-flex e-con e-child\" data-id=\"2bf6109\" data-element_type=\"container\">\n\t\t<div class=\"elementor-element elementor-element-a80cd70 e-con-full e-flex e-con e-child\" data-id=\"a80cd70\" data-element_type=\"container\">\n\t\t\t\t<div class=\"elementor-element elementor-element-b85320a elementor-widget elementor-widget-heading\" data-id=\"b85320a\" data-element_type=\"widget\" data-widget_type=\"heading.default\">\n\t\t\t\t<div class=\"elementor-widget-container\">\n\t\t\t\t\t<h2 class=\"elementor-heading-title elementor-size-default\">Nuestra Historia\n<\/h2>\t\t\t\t<\/div>\n\t\t\t\t<\/div>\n\t\t\t\t<div class=\"elementor-element elementor-element-cb9b09b elementor-widget elementor-widget-text-editor\" data-id=\"cb9b09b\" data-element_type=\"widget\" data-widget_type=\"text-editor.default\">\n\t\t\t\t<div class=\"elementor-widget-container\">\n\t\t\t\t\t\t\t\t\t<p><strong>Una Empresa Familiar con Pasi\u00f3n por la Excelencia<\/strong><\/p>\t\t\t\t\t\t\t\t<\/div>\n\t\t\t\t<\/div>\n\t\t\t\t<div class=\"elementor-element elementor-element-ac5347b elementor-widget elementor-widget-text-editor\" data-id=\"ac5347b\" data-element_type=\"widget\" data-widget_type=\"text-editor.default\">\n\t\t\t\t<div class=\"elementor-widget-container\">\n\t\t\t\t\t\t\t\t\t<p style=\"text-align: justify;\">En el coraz\u00f3n de nuestra empresa se encuentra una historia de familia, compromiso y pasi\u00f3n por transformar espacios. Todo comenz\u00f3 hace m\u00e1s de una d\u00e9cada, cuando nuestro fundador, inspirado por la importancia de crear ambientes c\u00f3modos y est\u00e9ticamente agradables, decidi\u00f3 embarcarse en el mundo de las cortinas y persianas. Lo que inici\u00f3 como un peque\u00f1o proyecto en el garaje de casa, pronto se convirti\u00f3 en una empresa en crecimiento, gracias al arduo trabajo y a la dedicaci\u00f3n de toda la familia.<\/p><p style=\"text-align: justify;\">Con el paso de los a\u00f1os, no solo nos convertimos en una empresa familiar s\u00f3lida, sino que tambi\u00e9n asumimos el rol de fabricantes e importadores de alta calidad. Esto nos ha permitido ofrecer una l\u00ednea propia\u00a0 que combina dise\u00f1o y tecnolog\u00eda de vanguardia, as\u00ed como ampliar nuestra gama de productos con las mejores tendencias y materiales internacionales.<\/p><p style=\"text-align: justify;\">Cada miembro de nuestra familia aporta algo especial, desde la elecci\u00f3n de materiales y dise\u00f1o hasta la supervisi\u00f3n de cada detalle en producci\u00f3n, asegurando as\u00ed que nuestros productos reflejen los est\u00e1ndares de excelencia y el compromiso con nuestros clientes.<\/p><p style=\"text-align: justify;\">Hoy, nuestra misi\u00f3n sigue siendo la misma: ofrecer productos que transformen hogares y espacios, brindando confort, estilo y funcionalidad. Nos enorgullece decir que somos una empresa familiar que no solo vende blinds, sino que tambi\u00e9n entrega confianza, durabilidad y dise\u00f1o.<\/p><p style=\"text-align: justify;\">\u00a1Gracias por permitirnos ser parte de tu hogar!<\/p>\t\t\t\t\t\t\t\t<\/div>\n\t\t\t\t<\/div>\n\t\t\t\t<\/div>\n\t\t\t\t<\/div>\n\t\t\t\t\t<\/div>\n\t\t\t\t<\/div>\n\t\t\t\t\t<\/div>\n\t\t\t\t<\/div>\n\t\t\t\t<\/div>\n\t\t","protected":false},"excerpt":{"rendered":"<p>Nuestra Historia Una Empresa Familiar con Pasi\u00f3n por la Excelencia En el coraz\u00f3n de nuestra empresa se encuentra una historia de familia, compromiso y pasi\u00f3n por transformar espacios. Todo comenz\u00f3 hace m\u00e1s de una d\u00e9cada, cuando nuestro fundador, inspirado por la importancia de crear ambientes c\u00f3modos y est\u00e9ticamente agradables, decidi\u00f3 embarcarse en el mundo de [&hellip;]<\/p>\n","protected":false},"author":1,"featured_media":5299,"parent":0,"menu_order":0,"comment_status":"closed","ping_status":"closed","template":"","meta":{"footnotes":""},"class_list":["post-55","page","type-page","status-publish","has-post-thumbnail","hentry"],"yoast_head":"<!-- This site is optimized with the Yoast SEO plugin v26.2 - https:\/\/yoast.com\/wordpress\/plugins\/seo\/ -->\n<title>Sobre Nosotros - INNOVATION BLINDS | PERSIANAS Y CORTINAS EN LA FLORIDA ESTADOS UNIDOS<\/title>\n<meta name=\"description\" content=\"persianas en la florida\" \/>\n<meta name=\"robots\" content=\"index, follow, max-snippet:-1, max-image-preview:large, max-video-preview:-1\" \/>\n<link rel=\"canonical\" href=\"https:\/\/innovation-blinds.com\/es\/nuestra-empresa\/\" \/>\n<meta property=\"og:locale\" content=\"es_ES\" \/>\n<meta property=\"og:locale:alternate\" content=\"en_US\" \/>\n<meta property=\"og:type\" content=\"article\" \/>\n<meta property=\"og:title\" content=\"Sobre Nosotros - INNOVATION BLINDS | PERSIANAS Y CORTINAS EN LA FLORIDA ESTADOS UNIDOS\" \/>\n<meta property=\"og:description\" content=\"persianas en la florida\" \/>\n<meta property=\"og:url\" content=\"https:\/\/innovation-blinds.com\/es\/nuestra-empresa\/\" \/>\n<meta property=\"og:site_name\" content=\"INNOVATION BLINDS | PERSIANAS Y CORTINAS EN LA FLORIDA ESTADOS UNIDOS\" \/>\n<meta property=\"article:publisher\" content=\"https:\/\/www.facebook.com\/innovationblindsusa\/\" \/>\n<meta property=\"article:modified_time\" content=\"2024-12-01T00:56:28+00:00\" \/>\n<meta property=\"og:image\" content=\"https:\/\/innovation-blinds.com\/wp-content\/uploads\/2023\/12\/bg-16.jpg\" \/>\n\t<meta property=\"og:image:width\" content=\"1920\" \/>\n\t<meta property=\"og:image:height\" content=\"1276\" \/>\n\t<meta property=\"og:image:type\" content=\"image\/jpeg\" \/>\n<meta name=\"twitter:card\" content=\"summary_large_image\" \/>\n<meta name=\"twitter:label1\" content=\"Tiempo de lectura\" \/>\n\t<meta name=\"twitter:data1\" content=\"2 minutos\" \/>\n<script type=\"application\/ld+json\" class=\"yoast-schema-graph\">{\"@context\":\"https:\/\/schema.org\",\"@graph\":[{\"@type\":\"WebPage\",\"@id\":\"https:\/\/innovation-blinds.com\/es\/nuestra-empresa\/\",\"url\":\"https:\/\/innovation-blinds.com\/es\/nuestra-empresa\/\",\"name\":\"Sobre Nosotros - INNOVATION BLINDS | PERSIANAS Y CORTINAS EN LA FLORIDA ESTADOS UNIDOS\",\"isPartOf\":{\"@id\":\"https:\/\/innovation-blinds.com\/es\/#website\"},\"primaryImageOfPage\":{\"@id\":\"https:\/\/innovation-blinds.com\/es\/nuestra-empresa\/#primaryimage\"},\"image\":{\"@id\":\"https:\/\/innovation-blinds.com\/es\/nuestra-empresa\/#primaryimage\"},\"thumbnailUrl\":\"https:\/\/innovation-blinds.com\/wp-content\/uploads\/2023\/12\/bg-16.jpg\",\"datePublished\":\"2024-06-13T03:10:47+00:00\",\"dateModified\":\"2024-12-01T00:56:28+00:00\",\"description\":\"persianas en la florida\",\"breadcrumb\":{\"@id\":\"https:\/\/innovation-blinds.com\/es\/nuestra-empresa\/#breadcrumb\"},\"inLanguage\":\"es-ES\",\"potentialAction\":[{\"@type\":\"ReadAction\",\"target\":[\"https:\/\/innovation-blinds.com\/es\/nuestra-empresa\/\"]}]},{\"@type\":\"ImageObject\",\"inLanguage\":\"es-ES\",\"@id\":\"https:\/\/innovation-blinds.com\/es\/nuestra-empresa\/#primaryimage\",\"url\":\"https:\/\/innovation-blinds.com\/wp-content\/uploads\/2023\/12\/bg-16.jpg\",\"contentUrl\":\"https:\/\/innovation-blinds.com\/wp-content\/uploads\/2023\/12\/bg-16.jpg\",\"width\":1920,\"height\":1276},{\"@type\":\"BreadcrumbList\",\"@id\":\"https:\/\/innovation-blinds.com\/es\/nuestra-empresa\/#breadcrumb\",\"itemListElement\":[{\"@type\":\"ListItem\",\"position\":1,\"name\":\"Portada\",\"item\":\"https:\/\/innovation-blinds.com\/es\/\"},{\"@type\":\"ListItem\",\"position\":2,\"name\":\"Sobre Nosotros\"}]},{\"@type\":\"WebSite\",\"@id\":\"https:\/\/innovation-blinds.com\/es\/#website\",\"url\":\"https:\/\/innovation-blinds.com\/es\/\",\"name\":\"INNOVATION BLINDS | PERSIANAS Y CORTINAS EN LA FLORIDA ESTADOS UNIDOS\",\"description\":\"Contamos con todo en cortinas y persianas para la Florida (Estados Unidos), somos fabricantes y esto nos permite ofrecerte una personalizaci\u00f3n total de tus productos.\",\"publisher\":{\"@id\":\"https:\/\/innovation-blinds.com\/es\/#organization\"},\"potentialAction\":[{\"@type\":\"SearchAction\",\"target\":{\"@type\":\"EntryPoint\",\"urlTemplate\":\"https:\/\/innovation-blinds.com\/es\/?s={search_term_string}\"},\"query-input\":{\"@type\":\"PropertyValueSpecification\",\"valueRequired\":true,\"valueName\":\"search_term_string\"}}],\"inLanguage\":\"es-ES\"},{\"@type\":\"Organization\",\"@id\":\"https:\/\/innovation-blinds.com\/es\/#organization\",\"name\":\"INNOVATION BLINDS | PERSIANAS Y CORTINAS EN LA FLORIDA ESTADOS UNIDOS\",\"url\":\"https:\/\/innovation-blinds.com\/es\/\",\"logo\":{\"@type\":\"ImageObject\",\"inLanguage\":\"es-ES\",\"@id\":\"https:\/\/innovation-blinds.com\/es\/#\/schema\/logo\/image\/\",\"url\":\"https:\/\/innovation-blinds.com\/wp-content\/uploads\/2024\/01\/logo-3.png\",\"contentUrl\":\"https:\/\/innovation-blinds.com\/wp-content\/uploads\/2024\/01\/logo-3.png\",\"width\":296,\"height\":100,\"caption\":\"INNOVATION BLINDS | PERSIANAS Y CORTINAS EN LA FLORIDA ESTADOS UNIDOS\"},\"image\":{\"@id\":\"https:\/\/innovation-blinds.com\/es\/#\/schema\/logo\/image\/\"},\"sameAs\":[\"https:\/\/www.facebook.com\/innovationblindsusa\/\"]}]}<\/script>\n<!-- \/ Yoast SEO plugin. -->","yoast_head_json":{"title":"Sobre Nosotros - INNOVATION BLINDS | PERSIANAS Y CORTINAS EN LA FLORIDA ESTADOS UNIDOS","description":"persianas en la florida","robots":{"index":"index","follow":"follow","max-snippet":"max-snippet:-1","max-image-preview":"max-image-preview:large","max-video-preview":"max-video-preview:-1"},"canonical":"https:\/\/innovation-blinds.com\/es\/nuestra-empresa\/","og_locale":"es_ES","og_type":"article","og_title":"Sobre Nosotros - INNOVATION BLINDS | PERSIANAS Y CORTINAS EN LA FLORIDA ESTADOS UNIDOS","og_description":"persianas en la florida","og_url":"https:\/\/innovation-blinds.com\/es\/nuestra-empresa\/","og_site_name":"INNOVATION BLINDS | PERSIANAS Y CORTINAS EN LA FLORIDA ESTADOS UNIDOS","article_publisher":"https:\/\/www.facebook.com\/innovationblindsusa\/","article_modified_time":"2024-12-01T00:56:28+00:00","og_image":[{"width":1920,"height":1276,"url":"https:\/\/innovation-blinds.com\/wp-content\/uploads\/2023\/12\/bg-16.jpg","type":"image\/jpeg"}],"twitter_card":"summary_large_image","twitter_misc":{"Tiempo de lectura":"2 minutos"},"schema":{"@context":"https:\/\/schema.org","@graph":[{"@type":"WebPage","@id":"https:\/\/innovation-blinds.com\/es\/nuestra-empresa\/","url":"https:\/\/innovation-blinds.com\/es\/nuestra-empresa\/","name":"Sobre Nosotros - INNOVATION BLINDS | PERSIANAS Y CORTINAS EN LA FLORIDA ESTADOS UNIDOS","isPartOf":{"@id":"https:\/\/innovation-blinds.com\/es\/#website"},"primaryImageOfPage":{"@id":"https:\/\/innovation-blinds.com\/es\/nuestra-empresa\/#primaryimage"},"image":{"@id":"https:\/\/innovation-blinds.com\/es\/nuestra-empresa\/#primaryimage"},"thumbnailUrl":"https:\/\/innovation-blinds.com\/wp-content\/uploads\/2023\/12\/bg-16.jpg","datePublished":"2024-06-13T03:10:47+00:00","dateModified":"2024-12-01T00:56:28+00:00","description":"persianas en la florida","breadcrumb":{"@id":"https:\/\/innovation-blinds.com\/es\/nuestra-empresa\/#breadcrumb"},"inLanguage":"es-ES","potentialAction":[{"@type":"ReadAction","target":["https:\/\/innovation-blinds.com\/es\/nuestra-empresa\/"]}]},{"@type":"ImageObject","inLanguage":"es-ES","@id":"https:\/\/innovation-blinds.com\/es\/nuestra-empresa\/#primaryimage","url":"https:\/\/innovation-blinds.com\/wp-content\/uploads\/2023\/12\/bg-16.jpg","contentUrl":"https:\/\/innovation-blinds.com\/wp-content\/uploads\/2023\/12\/bg-16.jpg","width":1920,"height":1276},{"@type":"BreadcrumbList","@id":"https:\/\/innovation-blinds.com\/es\/nuestra-empresa\/#breadcrumb","itemListElement":[{"@type":"ListItem","position":1,"name":"Portada","item":"https:\/\/innovation-blinds.com\/es\/"},{"@type":"ListItem","position":2,"name":"Sobre Nosotros"}]},{"@type":"WebSite","@id":"https:\/\/innovation-blinds.com\/es\/#website","url":"https:\/\/innovation-blinds.com\/es\/","name":"INNOVATION BLINDS | PERSIANAS Y CORTINAS EN LA FLORIDA ESTADOS UNIDOS","description":"Contamos con todo en cortinas y persianas para la Florida (Estados Unidos), somos fabricantes y esto nos permite ofrecerte una personalizaci\u00f3n total de tus productos.","publisher":{"@id":"https:\/\/innovation-blinds.com\/es\/#organization"},"potentialAction":[{"@type":"SearchAction","target":{"@type":"EntryPoint","urlTemplate":"https:\/\/innovation-blinds.com\/es\/?s={search_term_string}"},"query-input":{"@type":"PropertyValueSpecification","valueRequired":true,"valueName":"search_term_string"}}],"inLanguage":"es-ES"},{"@type":"Organization","@id":"https:\/\/innovation-blinds.com\/es\/#organization","name":"INNOVATION BLINDS | PERSIANAS Y CORTINAS EN LA FLORIDA ESTADOS UNIDOS","url":"https:\/\/innovation-blinds.com\/es\/","logo":{"@type":"ImageObject","inLanguage":"es-ES","@id":"https:\/\/innovation-blinds.com\/es\/#\/schema\/logo\/image\/","url":"https:\/\/innovation-blinds.com\/wp-content\/uploads\/2024\/01\/logo-3.png","contentUrl":"https:\/\/innovation-blinds.com\/wp-content\/uploads\/2024\/01\/logo-3.png","width":296,"height":100,"caption":"INNOVATION BLINDS | PERSIANAS Y CORTINAS EN LA FLORIDA ESTADOS UNIDOS"},"image":{"@id":"https:\/\/innovation-blinds.com\/es\/#\/schema\/logo\/image\/"},"sameAs":["https:\/\/www.facebook.com\/innovationblindsusa\/"]}]}},"_links":{"self":[{"href":"https:\/\/innovation-blinds.com\/es\/wp-json\/wp\/v2\/pages\/55","targetHints":{"allow":["GET"]}}],"collection":[{"href":"https:\/\/innovation-blinds.com\/es\/wp-json\/wp\/v2\/pages"}],"about":[{"href":"https:\/\/innovation-blinds.com\/es\/wp-json\/wp\/v2\/types\/page"}],"author":[{"embeddable":true,"href":"https:\/\/innovation-blinds.com\/es\/wp-json\/wp\/v2\/users\/1"}],"replies":[{"embeddable":true,"href":"https:\/\/innovation-blinds.com\/es\/wp-json\/wp\/v2\/comments?post=55"}],"version-history":[{"count":57,"href":"https:\/\/innovation-blinds.com\/es\/wp-json\/wp\/v2\/pages\/55\/revisions"}],"predecessor-version":[{"id":8234,"href":"https:\/\/innovation-blinds.com\/es\/wp-json\/wp\/v2\/pages\/55\/revisions\/8234"}],"wp:featuredmedia":[{"embeddable":true,"href":"https:\/\/innovation-blinds.com\/es\/wp-json\/wp\/v2\/media\/5299"}],"wp:attachment":[{"href":"https:\/\/innovation-blinds.com\/es\/wp-json\/wp\/v2\/media?parent=55"}],"curies":[{"name":"wp","href":"https:\/\/api.w.org\/{rel}","templated":true}]}}