{"id":7891,"date":"2024-12-01T02:50:06","date_gmt":"2024-12-01T02:50:06","guid":{"rendered":"https:\/\/innovation-blinds.com\/?post_type=product&#038;p=7891"},"modified":"2024-12-02T18:51:41","modified_gmt":"2024-12-02T18:51:41","slug":"smart-film-2","status":"publish","type":"product","link":"https:\/\/innovation-blinds.com\/en\/producto\/smart-film-2\/","title":{"rendered":"Smart Film"},"content":{"rendered":"<ul>\n<li>Superior UV protection and energy savings<\/li>\n<li>With a power consumption of less than 0.7 watts per square foot\u00a0and operating voltage or 48V AC<\/li>\n<\/ul>\n","protected":false},"excerpt":{"rendered":"<p style=\"text-align: justify;\">&#8220;Transform glass surfaces into instant privacy solutions with our innovative Smart Film. Controlled via remote or app, this film can switch from transparent to opaque with the push of a button, giving you flexibility and control over privacy and natural light. Perfect for offices, meeting rooms, and modern homes, this film adds a futuristic and practical element to any glass surface.&#8221;<\/p>\n","protected":false},"featured_media":7570,"comment_status":"closed","ping_status":"closed","template":"","meta":[],"product_cat":[100],"product_tag":[],"class_list":{"0":"post-7891","1":"product","2":"type-product","3":"status-publish","4":"has-post-thumbnail","6":"product_cat-products","8":"first","9":"instock","10":"shipping-taxable","11":"product-type-simple"},"yoast_head":"<!-- This site is optimized with the Yoast SEO plugin v26.2 - https:\/\/yoast.com\/wordpress\/plugins\/seo\/ -->\n<title>Smart Film - INNOVATION BLINDS | BLINDS AND CURTAINS IN FLORIDA UNITED STATES<\/title>\n<meta name=\"description\" content=\"&quot;Nuestro Nanoceramic Film est\u00e1 dise\u00f1ado para ofrecer una superior protecci\u00f3n contra el calor y los rayos UV, convirti\u00e9ndose en una excelente opci\u00f3n para espacios residenciales y comerciales. Esta tecnolog\u00eda avanzada reduce significativamente las temperaturas interiores bloqueando hasta un 99% de los rayos UV, sin afectar la visibilidad. Ideal para preservar muebles, reducir costos de energ\u00eda y mejorar el confort.&quot; &quot;Transforma superficies de vidrio en soluciones de privacidad instant\u00e1nea con nuestro innovador Smart Film. Controlado mediante control remoto o aplicaci\u00f3n, este film puede alternar entre transparente y opaco con solo presionar un bot\u00f3n, d\u00e1ndote flexibilidad y control sobre la privacidad y la luz natural. Perfecto para oficinas, salas de reuniones y hogares modernos, este film a\u00f1ade un elemento futurista y pr\u00e1ctico a cualquier superficie de vidrio.&quot;\" \/>\n<meta name=\"robots\" content=\"index, follow, max-snippet:-1, max-image-preview:large, max-video-preview:-1\" \/>\n<link rel=\"canonical\" href=\"https:\/\/innovation-blinds.com\/en\/producto\/smart-film-2\/\" \/>\n<meta property=\"og:locale\" content=\"en_US\" \/>\n<meta property=\"og:locale:alternate\" content=\"es_ES\" \/>\n<meta property=\"og:type\" content=\"article\" \/>\n<meta property=\"og:title\" content=\"Smart Film\" \/>\n<meta property=\"og:description\" content=\"&quot;Nuestro Nanoceramic Film est\u00e1 dise\u00f1ado para ofrecer una superior protecci\u00f3n contra el calor y los rayos UV, convirti\u00e9ndose en una excelente opci\u00f3n para espacios residenciales y comerciales. Esta tecnolog\u00eda avanzada reduce significativamente las temperaturas interiores bloqueando hasta un 99% de los rayos UV, sin afectar la visibilidad. Ideal para preservar muebles, reducir costos de energ\u00eda y mejorar el confort.&quot; &quot;Transforma superficies de vidrio en soluciones de privacidad instant\u00e1nea con nuestro innovador Smart Film. Controlado mediante control remoto o aplicaci\u00f3n, este film puede alternar entre transparente y opaco con solo presionar un bot\u00f3n, d\u00e1ndote flexibilidad y control sobre la privacidad y la luz natural. Perfecto para oficinas, salas de reuniones y hogares modernos, este film a\u00f1ade un elemento futurista y pr\u00e1ctico a cualquier superficie de vidrio.&quot;\" \/>\n<meta property=\"og:url\" content=\"https:\/\/innovation-blinds.com\/en\/producto\/smart-film-2\/\" \/>\n<meta property=\"og:site_name\" content=\"INNOVATION BLINDS | BLINDS AND CURTAINS IN FLORIDA UNITED STATES\" \/>\n<meta property=\"article:publisher\" content=\"https:\/\/www.facebook.com\/innovationblindsusa\/\" \/>\n<meta property=\"article:modified_time\" content=\"2024-12-02T18:51:41+00:00\" \/>\n<meta property=\"og:image\" content=\"https:\/\/innovation-blinds.com\/wp-content\/uploads\/2024\/11\/smart-film.webp\" \/>\n\t<meta property=\"og:image:width\" content=\"700\" \/>\n\t<meta property=\"og:image:height\" content=\"552\" \/>\n\t<meta property=\"og:image:type\" content=\"image\/webp\" \/>\n<meta name=\"twitter:card\" content=\"summary_large_image\" \/>\n<meta name=\"twitter:label1\" content=\"Est. reading time\" \/>\n\t<meta name=\"twitter:data1\" content=\"1 minute\" \/>\n<script type=\"application\/ld+json\" class=\"yoast-schema-graph\">{\"@context\":\"https:\/\/schema.org\",\"@graph\":[{\"@type\":\"WebPage\",\"@id\":\"https:\/\/innovation-blinds.com\/en\/producto\/smart-film-2\/\",\"url\":\"https:\/\/innovation-blinds.com\/en\/producto\/smart-film-2\/\",\"name\":\"Smart Film\",\"isPartOf\":{\"@id\":\"https:\/\/innovation-blinds.com\/en\/#website\"},\"primaryImageOfPage\":{\"@id\":\"https:\/\/innovation-blinds.com\/en\/producto\/smart-film-2\/#primaryimage\"},\"image\":{\"@id\":\"https:\/\/innovation-blinds.com\/en\/producto\/smart-film-2\/#primaryimage\"},\"thumbnailUrl\":\"https:\/\/innovation-blinds.com\/wp-content\/uploads\/2024\/11\/smart-film.webp\",\"datePublished\":\"2024-12-01T02:50:06+00:00\",\"dateModified\":\"2024-12-02T18:51:41+00:00\",\"description\":\"\\\"Nuestro Nanoceramic Film est\u00e1 dise\u00f1ado para ofrecer una superior protecci\u00f3n contra el calor y los rayos UV, convirti\u00e9ndose en una excelente opci\u00f3n para espacios residenciales y comerciales. Esta tecnolog\u00eda avanzada reduce significativamente las temperaturas interiores bloqueando hasta un 99% de los rayos UV, sin afectar la visibilidad. Ideal para preservar muebles, reducir costos de energ\u00eda y mejorar el confort.\\\" \\\"Transforma superficies de vidrio en soluciones de privacidad instant\u00e1nea con nuestro innovador Smart Film. Controlado mediante control remoto o aplicaci\u00f3n, este film puede alternar entre transparente y opaco con solo presionar un bot\u00f3n, d\u00e1ndote flexibilidad y control sobre la privacidad y la luz natural. Perfecto para oficinas, salas de reuniones y hogares modernos, este film a\u00f1ade un elemento futurista y pr\u00e1ctico a cualquier superficie de vidrio.\\\"\",\"breadcrumb\":{\"@id\":\"https:\/\/innovation-blinds.com\/en\/producto\/smart-film-2\/#breadcrumb\"},\"inLanguage\":\"en-US\",\"potentialAction\":[{\"@type\":\"ReadAction\",\"target\":[\"https:\/\/innovation-blinds.com\/en\/producto\/smart-film-2\/\"]}]},{\"@type\":\"ImageObject\",\"inLanguage\":\"en-US\",\"@id\":\"https:\/\/innovation-blinds.com\/en\/producto\/smart-film-2\/#primaryimage\",\"url\":\"https:\/\/innovation-blinds.com\/wp-content\/uploads\/2024\/11\/smart-film.webp\",\"contentUrl\":\"https:\/\/innovation-blinds.com\/wp-content\/uploads\/2024\/11\/smart-film.webp\",\"width\":700,\"height\":552},{\"@type\":\"BreadcrumbList\",\"@id\":\"https:\/\/innovation-blinds.com\/en\/producto\/smart-film-2\/#breadcrumb\",\"itemListElement\":[{\"@type\":\"ListItem\",\"position\":1,\"name\":\"Portada\",\"item\":\"https:\/\/innovation-blinds.com\/\"},{\"@type\":\"ListItem\",\"position\":2,\"name\":\"Productos-olb\",\"item\":\"https:\/\/innovation-blinds.com\/es\/shop\/\"},{\"@type\":\"ListItem\",\"position\":3,\"name\":\"Smart Film\"}]},{\"@type\":\"WebSite\",\"@id\":\"https:\/\/innovation-blinds.com\/en\/#website\",\"url\":\"https:\/\/innovation-blinds.com\/en\/\",\"name\":\"INNOVATION BLINDS | PERSIANAS Y CORTINAS EN LA FLORIDA ESTADOS UNIDOS\",\"description\":\"We have everything in curtains and blinds for Florida (United States), we are manufacturers and this allows us to offer you a total customization of your products.\",\"publisher\":{\"@id\":\"https:\/\/innovation-blinds.com\/en\/#organization\"},\"potentialAction\":[{\"@type\":\"SearchAction\",\"target\":{\"@type\":\"EntryPoint\",\"urlTemplate\":\"https:\/\/innovation-blinds.com\/en\/?s={search_term_string}\"},\"query-input\":{\"@type\":\"PropertyValueSpecification\",\"valueRequired\":true,\"valueName\":\"search_term_string\"}}],\"inLanguage\":\"en-US\"},{\"@type\":\"Organization\",\"@id\":\"https:\/\/innovation-blinds.com\/en\/#organization\",\"name\":\"INNOVATION BLINDS | BLINDS AND CURTAINS IN FLORIDA UNITED STATES\",\"url\":\"https:\/\/innovation-blinds.com\/en\/\",\"logo\":{\"@type\":\"ImageObject\",\"inLanguage\":\"en-US\",\"@id\":\"https:\/\/innovation-blinds.com\/en\/#\/schema\/logo\/image\/\",\"url\":\"https:\/\/innovation-blinds.com\/wp-content\/uploads\/2024\/01\/logo-3.png\",\"contentUrl\":\"https:\/\/innovation-blinds.com\/wp-content\/uploads\/2024\/01\/logo-3.png\",\"width\":296,\"height\":100,\"caption\":\"INNOVATION BLINDS | BLINDS AND CURTAINS IN FLORIDA UNITED STATES\"},\"image\":{\"@id\":\"https:\/\/innovation-blinds.com\/en\/#\/schema\/logo\/image\/\"},\"sameAs\":[\"https:\/\/www.facebook.com\/innovationblindsusa\/\"]}]}<\/script>\n<!-- \/ Yoast SEO plugin. -->","yoast_head_json":{"title":"Smart Film - INNOVATION BLINDS | BLINDS AND CURTAINS IN FLORIDA UNITED STATES","description":"\"Nuestro Nanoceramic Film est\u00e1 dise\u00f1ado para ofrecer una superior protecci\u00f3n contra el calor y los rayos UV, convirti\u00e9ndose en una excelente opci\u00f3n para espacios residenciales y comerciales. Esta tecnolog\u00eda avanzada reduce significativamente las temperaturas interiores bloqueando hasta un 99% de los rayos UV, sin afectar la visibilidad. Ideal para preservar muebles, reducir costos de energ\u00eda y mejorar el confort.\" \"Transforma superficies de vidrio en soluciones de privacidad instant\u00e1nea con nuestro innovador Smart Film. Controlado mediante control remoto o aplicaci\u00f3n, este film puede alternar entre transparente y opaco con solo presionar un bot\u00f3n, d\u00e1ndote flexibilidad y control sobre la privacidad y la luz natural. Perfecto para oficinas, salas de reuniones y hogares modernos, este film a\u00f1ade un elemento futurista y pr\u00e1ctico a cualquier superficie de vidrio.\"","robots":{"index":"index","follow":"follow","max-snippet":"max-snippet:-1","max-image-preview":"max-image-preview:large","max-video-preview":"max-video-preview:-1"},"canonical":"https:\/\/innovation-blinds.com\/en\/producto\/smart-film-2\/","og_locale":"en_US","og_type":"article","og_title":"[:en]Smart Film[:es]Smart Film[:] - INNOVATION BLINDS | BLINDS AND CURTAINS IN FLORIDA UNITED STATES","og_description":"\"Nuestro Nanoceramic Film est\u00e1 dise\u00f1ado para ofrecer una superior protecci\u00f3n contra el calor y los rayos UV, convirti\u00e9ndose en una excelente opci\u00f3n para espacios residenciales y comerciales. Esta tecnolog\u00eda avanzada reduce significativamente las temperaturas interiores bloqueando hasta un 99% de los rayos UV, sin afectar la visibilidad. Ideal para preservar muebles, reducir costos de energ\u00eda y mejorar el confort.\" \"Transforma superficies de vidrio en soluciones de privacidad instant\u00e1nea con nuestro innovador Smart Film. Controlado mediante control remoto o aplicaci\u00f3n, este film puede alternar entre transparente y opaco con solo presionar un bot\u00f3n, d\u00e1ndote flexibilidad y control sobre la privacidad y la luz natural. Perfecto para oficinas, salas de reuniones y hogares modernos, este film a\u00f1ade un elemento futurista y pr\u00e1ctico a cualquier superficie de vidrio.\"","og_url":"https:\/\/innovation-blinds.com\/en\/producto\/smart-film-2\/","og_site_name":"INNOVATION BLINDS | BLINDS AND CURTAINS IN FLORIDA UNITED STATES","article_publisher":"https:\/\/www.facebook.com\/innovationblindsusa\/","article_modified_time":"2024-12-02T18:51:41+00:00","og_image":[{"width":700,"height":552,"url":"https:\/\/innovation-blinds.com\/wp-content\/uploads\/2024\/11\/smart-film.webp","type":"image\/webp"}],"twitter_card":"summary_large_image","twitter_misc":{"Est. reading time":"1 minute"},"schema":{"@context":"https:\/\/schema.org","@graph":[{"@type":"WebPage","@id":"https:\/\/innovation-blinds.com\/en\/producto\/smart-film-2\/","url":"https:\/\/innovation-blinds.com\/en\/producto\/smart-film-2\/","name":"Smart Film","isPartOf":{"@id":"https:\/\/innovation-blinds.com\/en\/#website"},"primaryImageOfPage":{"@id":"https:\/\/innovation-blinds.com\/en\/producto\/smart-film-2\/#primaryimage"},"image":{"@id":"https:\/\/innovation-blinds.com\/en\/producto\/smart-film-2\/#primaryimage"},"thumbnailUrl":"https:\/\/innovation-blinds.com\/wp-content\/uploads\/2024\/11\/smart-film.webp","datePublished":"2024-12-01T02:50:06+00:00","dateModified":"2024-12-02T18:51:41+00:00","description":"\"Nuestro Nanoceramic Film est\u00e1 dise\u00f1ado para ofrecer una superior protecci\u00f3n contra el calor y los rayos UV, convirti\u00e9ndose en una excelente opci\u00f3n para espacios residenciales y comerciales. Esta tecnolog\u00eda avanzada reduce significativamente las temperaturas interiores bloqueando hasta un 99% de los rayos UV, sin afectar la visibilidad. Ideal para preservar muebles, reducir costos de energ\u00eda y mejorar el confort.\" \"Transforma superficies de vidrio en soluciones de privacidad instant\u00e1nea con nuestro innovador Smart Film. Controlado mediante control remoto o aplicaci\u00f3n, este film puede alternar entre transparente y opaco con solo presionar un bot\u00f3n, d\u00e1ndote flexibilidad y control sobre la privacidad y la luz natural. Perfecto para oficinas, salas de reuniones y hogares modernos, este film a\u00f1ade un elemento futurista y pr\u00e1ctico a cualquier superficie de vidrio.\"","breadcrumb":{"@id":"https:\/\/innovation-blinds.com\/en\/producto\/smart-film-2\/#breadcrumb"},"inLanguage":"en-US","potentialAction":[{"@type":"ReadAction","target":["https:\/\/innovation-blinds.com\/en\/producto\/smart-film-2\/"]}]},{"@type":"ImageObject","inLanguage":"en-US","@id":"https:\/\/innovation-blinds.com\/en\/producto\/smart-film-2\/#primaryimage","url":"https:\/\/innovation-blinds.com\/wp-content\/uploads\/2024\/11\/smart-film.webp","contentUrl":"https:\/\/innovation-blinds.com\/wp-content\/uploads\/2024\/11\/smart-film.webp","width":700,"height":552},{"@type":"BreadcrumbList","@id":"https:\/\/innovation-blinds.com\/en\/producto\/smart-film-2\/#breadcrumb","itemListElement":[{"@type":"ListItem","position":1,"name":"Portada","item":"https:\/\/innovation-blinds.com\/"},{"@type":"ListItem","position":2,"name":"Productos-olb","item":"https:\/\/innovation-blinds.com\/es\/shop\/"},{"@type":"ListItem","position":3,"name":"Smart Film"}]},{"@type":"WebSite","@id":"https:\/\/innovation-blinds.com\/en\/#website","url":"https:\/\/innovation-blinds.com\/en\/","name":"INNOVATION BLINDS | PERSIANAS Y CORTINAS EN LA FLORIDA ESTADOS UNIDOS","description":"We have everything in curtains and blinds for Florida (United States), we are manufacturers and this allows us to offer you a total customization of your products.","publisher":{"@id":"https:\/\/innovation-blinds.com\/en\/#organization"},"potentialAction":[{"@type":"SearchAction","target":{"@type":"EntryPoint","urlTemplate":"https:\/\/innovation-blinds.com\/en\/?s={search_term_string}"},"query-input":{"@type":"PropertyValueSpecification","valueRequired":true,"valueName":"search_term_string"}}],"inLanguage":"en-US"},{"@type":"Organization","@id":"https:\/\/innovation-blinds.com\/en\/#organization","name":"INNOVATION BLINDS | BLINDS AND CURTAINS IN FLORIDA UNITED STATES","url":"https:\/\/innovation-blinds.com\/en\/","logo":{"@type":"ImageObject","inLanguage":"en-US","@id":"https:\/\/innovation-blinds.com\/en\/#\/schema\/logo\/image\/","url":"https:\/\/innovation-blinds.com\/wp-content\/uploads\/2024\/01\/logo-3.png","contentUrl":"https:\/\/innovation-blinds.com\/wp-content\/uploads\/2024\/01\/logo-3.png","width":296,"height":100,"caption":"INNOVATION BLINDS | BLINDS AND CURTAINS IN FLORIDA UNITED STATES"},"image":{"@id":"https:\/\/innovation-blinds.com\/en\/#\/schema\/logo\/image\/"},"sameAs":["https:\/\/www.facebook.com\/innovationblindsusa\/"]}]}},"_links":{"self":[{"href":"https:\/\/innovation-blinds.com\/en\/wp-json\/wp\/v2\/product\/7891","targetHints":{"allow":["GET"]}}],"collection":[{"href":"https:\/\/innovation-blinds.com\/en\/wp-json\/wp\/v2\/product"}],"about":[{"href":"https:\/\/innovation-blinds.com\/en\/wp-json\/wp\/v2\/types\/product"}],"replies":[{"embeddable":true,"href":"https:\/\/innovation-blinds.com\/en\/wp-json\/wp\/v2\/comments?post=7891"}],"wp:featuredmedia":[{"embeddable":true,"href":"https:\/\/innovation-blinds.com\/en\/wp-json\/wp\/v2\/media\/7570"}],"wp:attachment":[{"href":"https:\/\/innovation-blinds.com\/en\/wp-json\/wp\/v2\/media?parent=7891"}],"wp:term":[{"taxonomy":"product_cat","embeddable":true,"href":"https:\/\/innovation-blinds.com\/en\/wp-json\/wp\/v2\/product_cat?post=7891"},{"taxonomy":"product_tag","embeddable":true,"href":"https:\/\/innovation-blinds.com\/en\/wp-json\/wp\/v2\/product_tag?post=7891"}],"curies":[{"name":"wp","href":"https:\/\/api.w.org\/{rel}","templated":true}]}}